{"id":16,"date":"2019-05-20T14:36:59","date_gmt":"2019-05-20T12:36:59","guid":{"rendered":"http:\/\/burgosrepresentacions.com\/?page_id=16"},"modified":"2019-09-23T15:24:54","modified_gmt":"2019-09-23T13:24:54","slug":"qui-som","status":"publish","type":"page","link":"https:\/\/burgosrepresentacions.com\/es\/qui-som\/","title":{"rendered":"Qui\u00e9nes Somos"},"content":{"rendered":"\n<figure class=\"wp-block-image\"><img loading=\"lazy\" decoding=\"async\" width=\"1024\" height=\"298\" src=\"https:\/\/burgosrepresentacions.com\/wp-content\/uploads\/sites\/2\/2019\/09\/Burgos-Fira-1024x298.jpg\" alt=\"\" class=\"wp-image-291\" srcset=\"https:\/\/burgosrepresentacions.com\/es\/wp-content\/uploads\/sites\/2\/2019\/09\/Burgos-Fira-1024x298.jpg 1024w, https:\/\/burgosrepresentacions.com\/es\/wp-content\/uploads\/sites\/2\/2019\/09\/Burgos-Fira-300x87.jpg 300w, https:\/\/burgosrepresentacions.com\/es\/wp-content\/uploads\/sites\/2\/2019\/09\/Burgos-Fira-768x223.jpg 768w, https:\/\/burgosrepresentacions.com\/es\/wp-content\/uploads\/sites\/2\/2019\/09\/Burgos-Fira.jpg 1200w\" sizes=\"auto, (max-width: 1024px) 100vw, 1024px\" \/><\/figure>\n\n\n\n<p>Burgos Representacions se fund\u00f3 en septiembre de 1965, por Don Salvador Burgos S\u00e1ez, primero como Sociedad Civil y posteriormente en 2002 como Sociedad Limitada.<\/p>\n\n\n\n<p>Desde entonces, esta empresa familiar ha continuado representando las prestigiosas marcas Nacionales de conocido renombre para toda Catalunya, reforzando as\u00ed las relaciones que el Sr. Burgos inici\u00f3 hace tantos a\u00f1os, con importantes empresas y otras nuevas que han confiado en nosotros por nuestra experiencia como representantes y la amplia cartera de clientes que nos conocen. Nuestras representaciones se centran b\u00e1sicamente en el sector de arranque de viruta, deformaci\u00f3n de chapa y accesorios para maquinaria.<\/p>\n\n\n\n<p>Desde nuestra central en Barcelona, se intenta dar un buen servicio de asesoramiento, para cualquier consulta, tanto de maquinaria como para accesorios, puestas en marcha y servicio post venta, as\u00ed como reparaciones y tr\u00e1mites que puedan surgir con cualquiera de nuestras representadas.<\/p>\n\n\n\n<p>Con esta p\u00e1gina web, pretendemos ofrecer una amplia informaci\u00f3n de todas las marcas que comercializamos, incluyendo links de alguna de ellas, para una mayor visualizaci\u00f3n de los productos, cat\u00e1logos, fotografias, detalles generales, etc.<\/p>\n\n\n\n<p>Asimismo, pueden ponerse en contacto con nosotros telef\u00f3nicamente, o bien, mediante el cuestionario que encontraran en la p\u00e1gina de contacto de esta web, para solicitar cat\u00e1logos, tarifas, ofertas, para concertar visita o para asesorarles en cualquier tema que puedan precisar.<\/p>\n\n\n\n<div class=\"wp-block-image\"><figure class=\"aligncenter\"><img loading=\"lazy\" decoding=\"async\" width=\"700\" height=\"231\" src=\"https:\/\/burgosrepresentacions.com\/wp-content\/uploads\/sites\/2\/2019\/09\/Burgos-Local.jpg\" alt=\"\" class=\"wp-image-292\" srcset=\"https:\/\/burgosrepresentacions.com\/es\/wp-content\/uploads\/sites\/2\/2019\/09\/Burgos-Local.jpg 700w, https:\/\/burgosrepresentacions.com\/es\/wp-content\/uploads\/sites\/2\/2019\/09\/Burgos-Local-300x99.jpg 300w\" sizes=\"auto, (max-width: 700px) 100vw, 700px\" \/><\/figure><\/div>\n\n\n\n<div class=\"wp-block-columns has-2-columns colServicios is-layout-flex wp-container-core-columns-is-layout-9d6595d7 wp-block-columns-is-layout-flex\">\n<div class=\"wp-block-column is-layout-flow wp-block-column-is-layout-flow\">\n<h3 class=\"wp-block-heading\">Art\u00edculos totalmente garantizados<\/h3>\n\n\n\n<p>Todos nuestros art\u00edculos est\u00e1n garantizados contra cualquier defecto de fabricaci\u00f3n. Esta garant\u00eda no incluye los da\u00f1os ocasionados por un uso inadecuado del producto por parte del cliente, as\u00ed como la reposic\u00f3n de los elementos que sufren desgaste.<\/p>\n<\/div>\n\n\n\n<div class=\"wp-block-column is-layout-flow wp-block-column-is-layout-flow\">\n<h3 class=\"wp-block-heading\">Asesoramiento Personalizado<\/h3>\n\n\n\n<p>Disponemos de un servicio de asesoramiento dirigido por nuestros competentes comerciales que le atender\u00e1n muy gustosamente. As\u00ed mismo es parte de nuestro trabajo diario encontrar soluciones espec\u00edficas para cada cliente.<\/p>\n<\/div>\n<\/div>\n\n\n\n<div class=\"wp-block-columns has-2-columns colServicios is-layout-flex wp-container-core-columns-is-layout-9d6595d7 wp-block-columns-is-layout-flex\">\n<div class=\"wp-block-column is-layout-flow wp-block-column-is-layout-flow\">\n<h3 class=\"wp-block-heading\">Pedidos online<\/h3>\n\n\n\n<p>Nuestro departamento comercial le atender\u00e1 personalmente en nuestro horario de oficina que es de 8,30 h de la ma\u00f1ana a 19:00 h ininterrumpidamente. Fuera de este horario tienen a su disposici\u00f3n nuestro correo electr\u00f3nico. Confirmamos sus pedidos con rapidez y les garantizamos una pronta contestaci\u00f3n.<\/p>\n<\/div>\n\n\n\n<div class=\"wp-block-column is-layout-flow wp-block-column-is-layout-flow\">\n<h3 class=\"wp-block-heading\">Env\u00edo de Cat\u00e1logos<\/h3>\n\n\n\n<p>Previa solicitud le enviaremos los cat\u00e1logos actuales que necesite. Tambi\u00e9n puede ver los productos en las correspondientes p\u00e1ginas web de las diferentes representadas.<\/p>\n<\/div>\n<\/div>\n\n\n\n<h3 class=\"wp-block-heading\">Condiciones generales<\/h3>\n\n\n\n<p>Nos reservamos el derecho a realizar modificaciones t\u00e9cnicas. Todas las indicaciones t\u00e9cnicas son orientativas. Sus pedidos se regir\u00e1n exclusivamente en base a nuestras condiciones generales, que si lo desean les enviaremos muy gustosamente.<\/p>\n\n\n\n<p><\/p>\n\n\n\n<p><\/p>\n","protected":false},"excerpt":{"rendered":"<p>Burgos Representacions se fund\u00f3 en septiembre de 1965, por Don Salvador Burgos S\u00e1ez, primero como Sociedad Civil y posteriormente en 2002 como Sociedad Limitada. Desde entonces, esta empresa familiar ha continuado representando las prestigiosas marcas Nacionales de conocido renombre para toda Catalunya, reforzando as\u00ed las relaciones que el Sr. Burgos inici\u00f3 hace tantos a\u00f1os, con [&hellip;]<\/p>\n","protected":false},"author":1,"featured_media":0,"parent":0,"menu_order":0,"comment_status":"closed","ping_status":"closed","template":"","meta":{"_acf_changed":false,"_genesis_hide_title":false,"_genesis_hide_breadcrumbs":false,"_genesis_hide_singular_image":false,"_genesis_hide_footer_widgets":false,"_genesis_custom_body_class":"","_genesis_custom_post_class":"","_genesis_layout":"","footnotes":""},"class_list":{"0":"post-16","1":"page","2":"type-page","3":"status-publish","5":"entry","6":"has-post-thumbnail"},"acf":[],"yoast_head":"<!-- This site is optimized with the Yoast SEO plugin v27.4 - https:\/\/yoast.com\/product\/yoast-seo-wordpress\/ -->\n<title>Qui\u00e9nes Somos - Burgos Representaciones<\/title>\n<meta name=\"robots\" content=\"index, follow, max-snippet:-1, max-image-preview:large, max-video-preview:-1\" \/>\n<link rel=\"canonical\" href=\"https:\/\/burgosrepresentacions.com\/es\/qui-som\/\" \/>\n<meta property=\"og:locale\" content=\"es_ES\" \/>\n<meta property=\"og:type\" content=\"article\" \/>\n<meta property=\"og:title\" content=\"Qui\u00e9nes Somos - Burgos Representaciones\" \/>\n<meta property=\"og:description\" content=\"Burgos Representacions se fund\u00f3 en septiembre de 1965, por Don Salvador Burgos S\u00e1ez, primero como Sociedad Civil y posteriormente en 2002 como Sociedad Limitada. Desde entonces, esta empresa familiar ha continuado representando las prestigiosas marcas Nacionales de conocido renombre para toda Catalunya, reforzando as\u00ed las relaciones que el Sr. Burgos inici\u00f3 hace tantos a\u00f1os, con [&hellip;]\" \/>\n<meta property=\"og:url\" content=\"https:\/\/burgosrepresentacions.com\/es\/qui-som\/\" \/>\n<meta property=\"og:site_name\" content=\"Burgos Representaciones\" \/>\n<meta property=\"article:modified_time\" content=\"2019-09-23T13:24:54+00:00\" \/>\n<meta property=\"og:image\" content=\"https:\/\/burgosrepresentacions.com\/wp-content\/uploads\/sites\/2\/2019\/09\/Burgos-Fira-1024x298.jpg\" \/>\n<meta name=\"twitter:card\" content=\"summary_large_image\" \/>\n<meta name=\"twitter:label1\" content=\"Tiempo de lectura\" \/>\n\t<meta name=\"twitter:data1\" content=\"2 minutos\" \/>\n<script type=\"application\/ld+json\" class=\"yoast-schema-graph\">{\"@context\":\"https:\\\/\\\/schema.org\",\"@graph\":[{\"@type\":\"WebPage\",\"@id\":\"https:\\\/\\\/burgosrepresentacions.com\\\/es\\\/qui-som\\\/\",\"url\":\"https:\\\/\\\/burgosrepresentacions.com\\\/es\\\/qui-som\\\/\",\"name\":\"Qui\u00e9nes Somos - Burgos Representaciones\",\"isPartOf\":{\"@id\":\"https:\\\/\\\/burgosrepresentacions.com\\\/es\\\/#website\"},\"primaryImageOfPage\":{\"@id\":\"https:\\\/\\\/burgosrepresentacions.com\\\/es\\\/qui-som\\\/#primaryimage\"},\"image\":{\"@id\":\"https:\\\/\\\/burgosrepresentacions.com\\\/es\\\/qui-som\\\/#primaryimage\"},\"thumbnailUrl\":\"https:\\\/\\\/burgosrepresentacions.com\\\/wp-content\\\/uploads\\\/sites\\\/2\\\/2019\\\/09\\\/Burgos-Fira-1024x298.jpg\",\"datePublished\":\"2019-05-20T12:36:59+00:00\",\"dateModified\":\"2019-09-23T13:24:54+00:00\",\"breadcrumb\":{\"@id\":\"https:\\\/\\\/burgosrepresentacions.com\\\/es\\\/qui-som\\\/#breadcrumb\"},\"inLanguage\":\"es\",\"potentialAction\":[{\"@type\":\"ReadAction\",\"target\":[\"https:\\\/\\\/burgosrepresentacions.com\\\/es\\\/qui-som\\\/\"]}]},{\"@type\":\"ImageObject\",\"inLanguage\":\"es\",\"@id\":\"https:\\\/\\\/burgosrepresentacions.com\\\/es\\\/qui-som\\\/#primaryimage\",\"url\":\"https:\\\/\\\/burgosrepresentacions.com\\\/wp-content\\\/uploads\\\/sites\\\/2\\\/2019\\\/09\\\/Burgos-Fira-1024x298.jpg\",\"contentUrl\":\"https:\\\/\\\/burgosrepresentacions.com\\\/wp-content\\\/uploads\\\/sites\\\/2\\\/2019\\\/09\\\/Burgos-Fira-1024x298.jpg\"},{\"@type\":\"BreadcrumbList\",\"@id\":\"https:\\\/\\\/burgosrepresentacions.com\\\/es\\\/qui-som\\\/#breadcrumb\",\"itemListElement\":[{\"@type\":\"ListItem\",\"position\":1,\"name\":\"Portada\",\"item\":\"https:\\\/\\\/burgosrepresentacions.com\\\/es\\\/\"},{\"@type\":\"ListItem\",\"position\":2,\"name\":\"Qui\u00e9nes Somos\"}]},{\"@type\":\"WebSite\",\"@id\":\"https:\\\/\\\/burgosrepresentacions.com\\\/es\\\/#website\",\"url\":\"https:\\\/\\\/burgosrepresentacions.com\\\/es\\\/\",\"name\":\"Burgos Representaciones\",\"description\":\"Maquinaria industrial y accesorios\",\"publisher\":{\"@id\":\"https:\\\/\\\/burgosrepresentacions.com\\\/es\\\/#organization\"},\"potentialAction\":[{\"@type\":\"SearchAction\",\"target\":{\"@type\":\"EntryPoint\",\"urlTemplate\":\"https:\\\/\\\/burgosrepresentacions.com\\\/es\\\/?s={search_term_string}\"},\"query-input\":{\"@type\":\"PropertyValueSpecification\",\"valueRequired\":true,\"valueName\":\"search_term_string\"}}],\"inLanguage\":\"es\"},{\"@type\":\"Organization\",\"@id\":\"https:\\\/\\\/burgosrepresentacions.com\\\/es\\\/#organization\",\"name\":\"Burgos Representaciones\",\"url\":\"https:\\\/\\\/burgosrepresentacions.com\\\/es\\\/\",\"logo\":{\"@type\":\"ImageObject\",\"inLanguage\":\"es\",\"@id\":\"https:\\\/\\\/burgosrepresentacions.com\\\/es\\\/#\\\/schema\\\/logo\\\/image\\\/\",\"url\":\"https:\\\/\\\/burgosrepresentacions.com\\\/es\\\/wp-content\\\/uploads\\\/sites\\\/2\\\/2019\\\/05\\\/logo-BurgosRepresentacions-recortado.png\",\"contentUrl\":\"https:\\\/\\\/burgosrepresentacions.com\\\/es\\\/wp-content\\\/uploads\\\/sites\\\/2\\\/2019\\\/05\\\/logo-BurgosRepresentacions-recortado.png\",\"width\":285,\"height\":79,\"caption\":\"Burgos Representaciones\"},\"image\":{\"@id\":\"https:\\\/\\\/burgosrepresentacions.com\\\/es\\\/#\\\/schema\\\/logo\\\/image\\\/\"}}]}<\/script>\n<!-- \/ Yoast SEO plugin. -->","yoast_head_json":{"title":"Qui\u00e9nes Somos - Burgos Representaciones","robots":{"index":"index","follow":"follow","max-snippet":"max-snippet:-1","max-image-preview":"max-image-preview:large","max-video-preview":"max-video-preview:-1"},"canonical":"https:\/\/burgosrepresentacions.com\/es\/qui-som\/","og_locale":"es_ES","og_type":"article","og_title":"Qui\u00e9nes Somos - Burgos Representaciones","og_description":"Burgos Representacions se fund\u00f3 en septiembre de 1965, por Don Salvador Burgos S\u00e1ez, primero como Sociedad Civil y posteriormente en 2002 como Sociedad Limitada. Desde entonces, esta empresa familiar ha continuado representando las prestigiosas marcas Nacionales de conocido renombre para toda Catalunya, reforzando as\u00ed las relaciones que el Sr. Burgos inici\u00f3 hace tantos a\u00f1os, con [&hellip;]","og_url":"https:\/\/burgosrepresentacions.com\/es\/qui-som\/","og_site_name":"Burgos Representaciones","article_modified_time":"2019-09-23T13:24:54+00:00","og_image":[{"url":"https:\/\/burgosrepresentacions.com\/wp-content\/uploads\/sites\/2\/2019\/09\/Burgos-Fira-1024x298.jpg","type":"","width":"","height":""}],"twitter_card":"summary_large_image","twitter_misc":{"Tiempo de lectura":"2 minutos"},"schema":{"@context":"https:\/\/schema.org","@graph":[{"@type":"WebPage","@id":"https:\/\/burgosrepresentacions.com\/es\/qui-som\/","url":"https:\/\/burgosrepresentacions.com\/es\/qui-som\/","name":"Qui\u00e9nes Somos - Burgos Representaciones","isPartOf":{"@id":"https:\/\/burgosrepresentacions.com\/es\/#website"},"primaryImageOfPage":{"@id":"https:\/\/burgosrepresentacions.com\/es\/qui-som\/#primaryimage"},"image":{"@id":"https:\/\/burgosrepresentacions.com\/es\/qui-som\/#primaryimage"},"thumbnailUrl":"https:\/\/burgosrepresentacions.com\/wp-content\/uploads\/sites\/2\/2019\/09\/Burgos-Fira-1024x298.jpg","datePublished":"2019-05-20T12:36:59+00:00","dateModified":"2019-09-23T13:24:54+00:00","breadcrumb":{"@id":"https:\/\/burgosrepresentacions.com\/es\/qui-som\/#breadcrumb"},"inLanguage":"es","potentialAction":[{"@type":"ReadAction","target":["https:\/\/burgosrepresentacions.com\/es\/qui-som\/"]}]},{"@type":"ImageObject","inLanguage":"es","@id":"https:\/\/burgosrepresentacions.com\/es\/qui-som\/#primaryimage","url":"https:\/\/burgosrepresentacions.com\/wp-content\/uploads\/sites\/2\/2019\/09\/Burgos-Fira-1024x298.jpg","contentUrl":"https:\/\/burgosrepresentacions.com\/wp-content\/uploads\/sites\/2\/2019\/09\/Burgos-Fira-1024x298.jpg"},{"@type":"BreadcrumbList","@id":"https:\/\/burgosrepresentacions.com\/es\/qui-som\/#breadcrumb","itemListElement":[{"@type":"ListItem","position":1,"name":"Portada","item":"https:\/\/burgosrepresentacions.com\/es\/"},{"@type":"ListItem","position":2,"name":"Qui\u00e9nes Somos"}]},{"@type":"WebSite","@id":"https:\/\/burgosrepresentacions.com\/es\/#website","url":"https:\/\/burgosrepresentacions.com\/es\/","name":"Burgos Representaciones","description":"Maquinaria industrial y accesorios","publisher":{"@id":"https:\/\/burgosrepresentacions.com\/es\/#organization"},"potentialAction":[{"@type":"SearchAction","target":{"@type":"EntryPoint","urlTemplate":"https:\/\/burgosrepresentacions.com\/es\/?s={search_term_string}"},"query-input":{"@type":"PropertyValueSpecification","valueRequired":true,"valueName":"search_term_string"}}],"inLanguage":"es"},{"@type":"Organization","@id":"https:\/\/burgosrepresentacions.com\/es\/#organization","name":"Burgos Representaciones","url":"https:\/\/burgosrepresentacions.com\/es\/","logo":{"@type":"ImageObject","inLanguage":"es","@id":"https:\/\/burgosrepresentacions.com\/es\/#\/schema\/logo\/image\/","url":"https:\/\/burgosrepresentacions.com\/es\/wp-content\/uploads\/sites\/2\/2019\/05\/logo-BurgosRepresentacions-recortado.png","contentUrl":"https:\/\/burgosrepresentacions.com\/es\/wp-content\/uploads\/sites\/2\/2019\/05\/logo-BurgosRepresentacions-recortado.png","width":285,"height":79,"caption":"Burgos Representaciones"},"image":{"@id":"https:\/\/burgosrepresentacions.com\/es\/#\/schema\/logo\/image\/"}}]}},"featured_image_src":null,"featured_image_src_square":null,"_links":{"self":[{"href":"https:\/\/burgosrepresentacions.com\/es\/wp-json\/wp\/v2\/pages\/16","targetHints":{"allow":["GET"]}}],"collection":[{"href":"https:\/\/burgosrepresentacions.com\/es\/wp-json\/wp\/v2\/pages"}],"about":[{"href":"https:\/\/burgosrepresentacions.com\/es\/wp-json\/wp\/v2\/types\/page"}],"author":[{"embeddable":true,"href":"https:\/\/burgosrepresentacions.com\/es\/wp-json\/wp\/v2\/users\/1"}],"replies":[{"embeddable":true,"href":"https:\/\/burgosrepresentacions.com\/es\/wp-json\/wp\/v2\/comments?post=16"}],"version-history":[{"count":5,"href":"https:\/\/burgosrepresentacions.com\/es\/wp-json\/wp\/v2\/pages\/16\/revisions"}],"predecessor-version":[{"id":300,"href":"https:\/\/burgosrepresentacions.com\/es\/wp-json\/wp\/v2\/pages\/16\/revisions\/300"}],"wp:attachment":[{"href":"https:\/\/burgosrepresentacions.com\/es\/wp-json\/wp\/v2\/media?parent=16"}],"curies":[{"name":"wp","href":"https:\/\/api.w.org\/{rel}","templated":true}]}}