{"id":280,"date":"2019-09-13T05:42:25","date_gmt":"2019-09-13T03:42:25","guid":{"rendered":"http:\/\/burgosrepresentacions.com\/?page_id=280"},"modified":"2019-09-13T05:42:26","modified_gmt":"2019-09-13T03:42:26","slug":"politica-de-cookies","status":"publish","type":"page","link":"https:\/\/burgosrepresentacions.com\/es\/politica-de-cookies\/","title":{"rendered":"Pol\u00edtica de Cookies"},"content":{"rendered":"\n<h4 class=\"wp-block-heading\">DEFINICI\u00d3 I FUNCI\u00d3 DE LES COOKIES<\/h4>\n\n\n\n<p>Una Cookies \u00e9s un fitxer que es descarrega al seu ordinador en accedir a determinades p\u00e0gines web. Les Cookies permeten a una p\u00e0gina web, entre altres coses, emmagatzemar i recuperar informaci\u00f3 sobre els h\u00e0bits de navegaci\u00f3 d&#8217;un usuari o del seu equip i, depenent de la informaci\u00f3 que continguin i de la forma en qu\u00e8 utilitzi el seu equip, es poden utilitzar per recon\u00e8ixer a l&#8217;usuari.<br><br>Aquest lloc web, igual que la majoria dels llocs a Internet, utilitza Cookies per millorar i optimitzar l&#8217;experi\u00e8ncia de l&#8217;usuari. A continuaci\u00f3 trobareu informaci\u00f3 detallada sobre la tipologia de Cookies que utilitza aquest lloc web, sobre com pot desactivar-les en el seu navegador i de com bloquejar espec\u00edficament la instal\u00b7laci\u00f3 de Cookies de tercers.<br><\/p>\n\n\n\n<h4 class=\"wp-block-heading\">TIPUS DE COOKIES QUE UTILITZA LA P\u00c0GINA WEB I LA SEVA FINALITAT<\/h4>\n\n\n\n<p>De funcionament. Aquestes Cookies permeten la navegaci\u00f3 a trav\u00e9s del web i la utilitzaci\u00f3 de les diferents opcions o serveis que es presten. Tamb\u00e9 s&#8217;utilitzen per millorar la vostra navegaci\u00f3 i per optimitzar el funcionament de la nostra p\u00e0gina. Emmagatzemen configuracions de serveis perqu\u00e8 l&#8217;usuari no hagi de reconfigurar-cada vegada que ens visita.<br>Anal\u00edtiques. Aquestes Cookies s&#8217;utilitzen per recollir informaci\u00f3 sobre l&#8217;\u00fas del nostre lloc web per part dels visitants. Utilitzem la informaci\u00f3 per elaborar informes i per millorar el lloc. Aquestes Cookies s&#8217;associen \u00fanicament a un usuari an\u00f2nim i al seu ordinador\/dispositiu sense proporcionar refer\u00e8ncies que permetin con\u00e8ixer dades personals. Recullen el nombre de visitants al lloc, el temps que duren les visites, el navegador, el tipus de terminal, el lloc de proced\u00e8ncia dels visitants i les p\u00e0gines visitades.<br>L&#8217;\u00fas de Cookies ens permet facilitar la navegaci\u00f3 de l&#8217;usuari i adaptar la informaci\u00f3 i els serveis que oferim als seus interessos.<br>Les Cookies es fan servir tant de manera permanent com temporal (Cookies de sessi\u00f3). Les Cookies permanents s&#8217;emmagatzemen en el seu ordinador o dispositiu m\u00f2bil durant un per\u00edode de temps no superior a 24 mesos.<br>Fem servir Cookies pr\u00f2pies i de tercers per recopilar dades estad\u00edstiques de manera agregada a trav\u00e9s de les dades que ens proporciona la seva utilitzaci\u00f3.<br><\/p>\n\n\n\n<h4 class=\"wp-block-heading\">TRACTAMENT DE LES COOKIES<\/h4>\n\n\n\n<p>La informaci\u00f3 obtinguda del tractament de les Cookies \u00e9s tractada per BURGOS REPRESENTACIONS, S.L..<br><\/p>\n\n\n\n<h4 class=\"wp-block-heading\">QU\u00c8 PASSA SI ES DESACTIVEN LES COOKIES<\/h4>\n\n\n\n<p>En tot moment podr\u00e0 accedir a la configuraci\u00f3 del seu navegador per modificar i \/ o bloquejar la instal\u00b7laci\u00f3 de les Cookies, per\u00f2 aix\u00f2 pot implicar que algunes funcionalitats quedin deshabilitades i que es pugui veure limitat l&#8217;acc\u00e9s a alguns continguts. La qualitat del funcionament dels serveis es pot veure afectada.<br><\/p>\n\n\n\n<h4 class=\"wp-block-heading\">FORMA D&#8217;INHABILITA O ELIMINAR LES COOKIES<\/h4>\n\n\n\n<p>Per permetre, con\u00e8ixer, bloquejar o eliminar les Cookies instal\u00b7lades en el seu equip, pot fer-ho mitjan\u00e7ant la configuraci\u00f3 de les opcions del navegador en el vostre ordinador.<br><br>Podeu trobar informaci\u00f3 de com fer-ho al cas que utilitzeu un dels seg\u00fcents navegadors:<br><br>Internet Explorer: https:\/\/privacy.microsoft.com\/es-es\/privacystatement<br>Safari: https:\/\/www.apple.com\/legal\/privacy\/es\/cookies\/ https:\/\/support.apple.com\/es-es\/HT201265<br>Google Chrome: https:\/\/support.google.com\/chrome\/answer\/95647?hl=es&amp;hlrm=en<br>Google: https:\/\/www.google.com\/intl\/es\/policies\/privacy\/<br>Firefox: http:\/\/support.mozilla.org\/es\/kb\/Borrar%20cookies<br>Opera: http:\/\/help.opera.com\/Windows\/11.50\/es-ES\/cookies.html<br>Android (Google): https:\/\/www.google.com\/intl\/es\/policies\/privacy\/<br>Windows Phone (Microsoft): https:\/\/privacy.microsoft.com\/es-es\/privacystatement<br>Blackberry: http:\/\/global.blackberry.com\/es\/legal\/privacy-policy.html<br><br>Tamb\u00e9 pots eliminar f\u00e0cilment les Cookies del teu ordinador o dispositiu m\u00f2bil mitjan\u00e7ant l&#8217;\u00fas del teu navegador. Per obtenir indicacions de com gestionar i eliminar les Cookies, aneu a la pestanya \u00abAjuda\u00bb del seu navegador. Podr\u00e0s desactivar les Cookies o rebre una notificaci\u00f3 cada vegada que s&#8217;envia una nova Cookie al teu ordinador o dispositiu m\u00f2bil.<br><br>Hi ha eines disponibles online, que permeten als usuaris detectar les Cookies en cada lloc web que visiten i gestionar la seva desactivaci\u00f3(per exemple, Ghostery:<br>https:\/\/www.ghostery.com\/about-ghostery\/privacy-statements\/, http:\/\/www.ghostery.com\/faq).<br><\/p>\n\n\n\n<h4 class=\"wp-block-heading\">ACTUALITZACI\u00d3 DE LA NOSTRA POL\u00cdTICA DE COOKIES<\/h4>\n\n\n\n<p>\u00c9s possible que actualitzem la Pol\u00edtica de Cookies del nostre lloc web, per aix\u00f2 li recomanem revisar aquesta pol\u00edtica cada vegada que accedeixi al nostre Lloc Web amb l&#8217;objectiu d&#8217;estar adequadament informat sobre com i per qu\u00e8 fem servir les galetes. Tinguin en compte que els navegadors poden tamb\u00e9 canviar les seves pol\u00edtiques i la ubicaci\u00f3 de la informaci\u00f3.<br>La Pol\u00edtica de Cookies es va actualitzar per \u00faltim cop el 5 de novembre de 2018.<br><\/p>\n","protected":false},"excerpt":{"rendered":"<p>DEFINICI\u00d3 I FUNCI\u00d3 DE LES COOKIES Una Cookies \u00e9s un fitxer que es descarrega al seu ordinador en accedir a determinades p\u00e0gines web. Les Cookies permeten a una p\u00e0gina web, entre altres coses, emmagatzemar i recuperar informaci\u00f3 sobre els h\u00e0bits de navegaci\u00f3 d&#8217;un usuari o del seu equip i, depenent de la informaci\u00f3 que continguin [&hellip;]<\/p>\n","protected":false},"author":1,"featured_media":0,"parent":0,"menu_order":0,"comment_status":"closed","ping_status":"closed","template":"","meta":{"_acf_changed":false,"_genesis_hide_title":false,"_genesis_hide_breadcrumbs":false,"_genesis_hide_singular_image":false,"_genesis_hide_footer_widgets":false,"_genesis_custom_body_class":"","_genesis_custom_post_class":"","_genesis_layout":"","footnotes":""},"class_list":{"0":"post-280","1":"page","2":"type-page","3":"status-publish","5":"entry"},"acf":[],"yoast_head":"<!-- This site is optimized with the Yoast SEO plugin v27.4 - https:\/\/yoast.com\/product\/yoast-seo-wordpress\/ -->\n<title>Pol\u00edtica de Cookies - Burgos Representaciones<\/title>\n<meta name=\"robots\" content=\"index, follow, max-snippet:-1, max-image-preview:large, max-video-preview:-1\" \/>\n<link rel=\"canonical\" href=\"https:\/\/burgosrepresentacions.com\/es\/politica-de-cookies\/\" \/>\n<meta property=\"og:locale\" content=\"es_ES\" \/>\n<meta property=\"og:type\" content=\"article\" \/>\n<meta property=\"og:title\" content=\"Pol\u00edtica de Cookies - Burgos Representaciones\" \/>\n<meta property=\"og:description\" content=\"DEFINICI\u00d3 I FUNCI\u00d3 DE LES COOKIES Una Cookies \u00e9s un fitxer que es descarrega al seu ordinador en accedir a determinades p\u00e0gines web. Les Cookies permeten a una p\u00e0gina web, entre altres coses, emmagatzemar i recuperar informaci\u00f3 sobre els h\u00e0bits de navegaci\u00f3 d&#8217;un usuari o del seu equip i, depenent de la informaci\u00f3 que continguin [&hellip;]\" \/>\n<meta property=\"og:url\" content=\"https:\/\/burgosrepresentacions.com\/es\/politica-de-cookies\/\" \/>\n<meta property=\"og:site_name\" content=\"Burgos Representaciones\" \/>\n<meta property=\"article:modified_time\" content=\"2019-09-13T03:42:26+00:00\" \/>\n<meta name=\"twitter:card\" content=\"summary_large_image\" \/>\n<meta name=\"twitter:label1\" content=\"Tiempo de lectura\" \/>\n\t<meta name=\"twitter:data1\" content=\"4 minutos\" \/>\n<script type=\"application\/ld+json\" class=\"yoast-schema-graph\">{\"@context\":\"https:\\\/\\\/schema.org\",\"@graph\":[{\"@type\":\"WebPage\",\"@id\":\"https:\\\/\\\/burgosrepresentacions.com\\\/es\\\/politica-de-cookies\\\/\",\"url\":\"https:\\\/\\\/burgosrepresentacions.com\\\/es\\\/politica-de-cookies\\\/\",\"name\":\"Pol\u00edtica de Cookies - Burgos Representaciones\",\"isPartOf\":{\"@id\":\"https:\\\/\\\/burgosrepresentacions.com\\\/es\\\/#website\"},\"datePublished\":\"2019-09-13T03:42:25+00:00\",\"dateModified\":\"2019-09-13T03:42:26+00:00\",\"breadcrumb\":{\"@id\":\"https:\\\/\\\/burgosrepresentacions.com\\\/es\\\/politica-de-cookies\\\/#breadcrumb\"},\"inLanguage\":\"es\",\"potentialAction\":[{\"@type\":\"ReadAction\",\"target\":[\"https:\\\/\\\/burgosrepresentacions.com\\\/es\\\/politica-de-cookies\\\/\"]}]},{\"@type\":\"BreadcrumbList\",\"@id\":\"https:\\\/\\\/burgosrepresentacions.com\\\/es\\\/politica-de-cookies\\\/#breadcrumb\",\"itemListElement\":[{\"@type\":\"ListItem\",\"position\":1,\"name\":\"Portada\",\"item\":\"https:\\\/\\\/burgosrepresentacions.com\\\/es\\\/\"},{\"@type\":\"ListItem\",\"position\":2,\"name\":\"Pol\u00edtica de Cookies\"}]},{\"@type\":\"WebSite\",\"@id\":\"https:\\\/\\\/burgosrepresentacions.com\\\/es\\\/#website\",\"url\":\"https:\\\/\\\/burgosrepresentacions.com\\\/es\\\/\",\"name\":\"Burgos Representaciones\",\"description\":\"Maquinaria industrial y accesorios\",\"publisher\":{\"@id\":\"https:\\\/\\\/burgosrepresentacions.com\\\/es\\\/#organization\"},\"potentialAction\":[{\"@type\":\"SearchAction\",\"target\":{\"@type\":\"EntryPoint\",\"urlTemplate\":\"https:\\\/\\\/burgosrepresentacions.com\\\/es\\\/?s={search_term_string}\"},\"query-input\":{\"@type\":\"PropertyValueSpecification\",\"valueRequired\":true,\"valueName\":\"search_term_string\"}}],\"inLanguage\":\"es\"},{\"@type\":\"Organization\",\"@id\":\"https:\\\/\\\/burgosrepresentacions.com\\\/es\\\/#organization\",\"name\":\"Burgos Representaciones\",\"url\":\"https:\\\/\\\/burgosrepresentacions.com\\\/es\\\/\",\"logo\":{\"@type\":\"ImageObject\",\"inLanguage\":\"es\",\"@id\":\"https:\\\/\\\/burgosrepresentacions.com\\\/es\\\/#\\\/schema\\\/logo\\\/image\\\/\",\"url\":\"https:\\\/\\\/burgosrepresentacions.com\\\/es\\\/wp-content\\\/uploads\\\/sites\\\/2\\\/2019\\\/05\\\/logo-BurgosRepresentacions-recortado.png\",\"contentUrl\":\"https:\\\/\\\/burgosrepresentacions.com\\\/es\\\/wp-content\\\/uploads\\\/sites\\\/2\\\/2019\\\/05\\\/logo-BurgosRepresentacions-recortado.png\",\"width\":285,\"height\":79,\"caption\":\"Burgos Representaciones\"},\"image\":{\"@id\":\"https:\\\/\\\/burgosrepresentacions.com\\\/es\\\/#\\\/schema\\\/logo\\\/image\\\/\"}}]}<\/script>\n<!-- \/ Yoast SEO plugin. -->","yoast_head_json":{"title":"Pol\u00edtica de Cookies - Burgos Representaciones","robots":{"index":"index","follow":"follow","max-snippet":"max-snippet:-1","max-image-preview":"max-image-preview:large","max-video-preview":"max-video-preview:-1"},"canonical":"https:\/\/burgosrepresentacions.com\/es\/politica-de-cookies\/","og_locale":"es_ES","og_type":"article","og_title":"Pol\u00edtica de Cookies - Burgos Representaciones","og_description":"DEFINICI\u00d3 I FUNCI\u00d3 DE LES COOKIES Una Cookies \u00e9s un fitxer que es descarrega al seu ordinador en accedir a determinades p\u00e0gines web. Les Cookies permeten a una p\u00e0gina web, entre altres coses, emmagatzemar i recuperar informaci\u00f3 sobre els h\u00e0bits de navegaci\u00f3 d&#8217;un usuari o del seu equip i, depenent de la informaci\u00f3 que continguin [&hellip;]","og_url":"https:\/\/burgosrepresentacions.com\/es\/politica-de-cookies\/","og_site_name":"Burgos Representaciones","article_modified_time":"2019-09-13T03:42:26+00:00","twitter_card":"summary_large_image","twitter_misc":{"Tiempo de lectura":"4 minutos"},"schema":{"@context":"https:\/\/schema.org","@graph":[{"@type":"WebPage","@id":"https:\/\/burgosrepresentacions.com\/es\/politica-de-cookies\/","url":"https:\/\/burgosrepresentacions.com\/es\/politica-de-cookies\/","name":"Pol\u00edtica de Cookies - Burgos Representaciones","isPartOf":{"@id":"https:\/\/burgosrepresentacions.com\/es\/#website"},"datePublished":"2019-09-13T03:42:25+00:00","dateModified":"2019-09-13T03:42:26+00:00","breadcrumb":{"@id":"https:\/\/burgosrepresentacions.com\/es\/politica-de-cookies\/#breadcrumb"},"inLanguage":"es","potentialAction":[{"@type":"ReadAction","target":["https:\/\/burgosrepresentacions.com\/es\/politica-de-cookies\/"]}]},{"@type":"BreadcrumbList","@id":"https:\/\/burgosrepresentacions.com\/es\/politica-de-cookies\/#breadcrumb","itemListElement":[{"@type":"ListItem","position":1,"name":"Portada","item":"https:\/\/burgosrepresentacions.com\/es\/"},{"@type":"ListItem","position":2,"name":"Pol\u00edtica de Cookies"}]},{"@type":"WebSite","@id":"https:\/\/burgosrepresentacions.com\/es\/#website","url":"https:\/\/burgosrepresentacions.com\/es\/","name":"Burgos Representaciones","description":"Maquinaria industrial y accesorios","publisher":{"@id":"https:\/\/burgosrepresentacions.com\/es\/#organization"},"potentialAction":[{"@type":"SearchAction","target":{"@type":"EntryPoint","urlTemplate":"https:\/\/burgosrepresentacions.com\/es\/?s={search_term_string}"},"query-input":{"@type":"PropertyValueSpecification","valueRequired":true,"valueName":"search_term_string"}}],"inLanguage":"es"},{"@type":"Organization","@id":"https:\/\/burgosrepresentacions.com\/es\/#organization","name":"Burgos Representaciones","url":"https:\/\/burgosrepresentacions.com\/es\/","logo":{"@type":"ImageObject","inLanguage":"es","@id":"https:\/\/burgosrepresentacions.com\/es\/#\/schema\/logo\/image\/","url":"https:\/\/burgosrepresentacions.com\/es\/wp-content\/uploads\/sites\/2\/2019\/05\/logo-BurgosRepresentacions-recortado.png","contentUrl":"https:\/\/burgosrepresentacions.com\/es\/wp-content\/uploads\/sites\/2\/2019\/05\/logo-BurgosRepresentacions-recortado.png","width":285,"height":79,"caption":"Burgos Representaciones"},"image":{"@id":"https:\/\/burgosrepresentacions.com\/es\/#\/schema\/logo\/image\/"}}]}},"featured_image_src":null,"featured_image_src_square":null,"_links":{"self":[{"href":"https:\/\/burgosrepresentacions.com\/es\/wp-json\/wp\/v2\/pages\/280","targetHints":{"allow":["GET"]}}],"collection":[{"href":"https:\/\/burgosrepresentacions.com\/es\/wp-json\/wp\/v2\/pages"}],"about":[{"href":"https:\/\/burgosrepresentacions.com\/es\/wp-json\/wp\/v2\/types\/page"}],"author":[{"embeddable":true,"href":"https:\/\/burgosrepresentacions.com\/es\/wp-json\/wp\/v2\/users\/1"}],"replies":[{"embeddable":true,"href":"https:\/\/burgosrepresentacions.com\/es\/wp-json\/wp\/v2\/comments?post=280"}],"version-history":[{"count":1,"href":"https:\/\/burgosrepresentacions.com\/es\/wp-json\/wp\/v2\/pages\/280\/revisions"}],"predecessor-version":[{"id":281,"href":"https:\/\/burgosrepresentacions.com\/es\/wp-json\/wp\/v2\/pages\/280\/revisions\/281"}],"wp:attachment":[{"href":"https:\/\/burgosrepresentacions.com\/es\/wp-json\/wp\/v2\/media?parent=280"}],"curies":[{"name":"wp","href":"https:\/\/api.w.org\/{rel}","templated":true}]}}