{"id":34,"date":"2019-05-20T15:41:28","date_gmt":"2019-05-20T13:41:28","guid":{"rendered":"http:\/\/burgosrepresentacions.com\/?page_id=34"},"modified":"2019-09-23T18:59:46","modified_gmt":"2019-09-23T16:59:46","slug":"punzones-i-matrices","status":"publish","type":"page","link":"https:\/\/burgosrepresentacions.com\/es\/punzones-i-matrices\/","title":{"rendered":"Punzones y matrices"},"content":{"rendered":"\n<p>Como representantes de las cizallas punzonadoras GEKA, les ofrecemos punzones y matrices originales.<\/p>\n\n\n\n<div class=\"wp-block-image\"><figure class=\"alignright is-resized\"><img loading=\"lazy\" decoding=\"async\" src=\"http:\/\/burgosrepresentacions.com\/wp-content\/uploads\/sites\/2\/2019\/05\/geka-logo.jpg\" alt=\"Geka logo\" class=\"wp-image-36\" width=\"218\" height=\"83\" srcset=\"https:\/\/burgosrepresentacions.com\/es\/wp-content\/uploads\/sites\/2\/2019\/05\/geka-logo.jpg 600w, https:\/\/burgosrepresentacions.com\/es\/wp-content\/uploads\/sites\/2\/2019\/05\/geka-logo-300x115.jpg 300w\" sizes=\"auto, (max-width: 218px) 100vw, 218px\" \/><\/figure><\/div>\n\n\n\n<p>En nuestro almac\u00e9n disponemos de un importante stock de los punzones m\u00e1s normalizados, redondos, cuadrados, colisos, rectangulares\u2026 para los diferentes modelos de Cizallas punzonadoras GEKA.<\/p>\n\n\n\n<p>Tambi\u00e9n se fabrican punzones y matrices especiales, que podemos presupuestar si nos facilitan medidas, planos o croquis. As\u00ed como accesorios, recambios y asesoramiento para la realizaci\u00f3n de trabajos especiales.<\/p>\n\n\n\n<figure class=\"wp-block-image\"><img loading=\"lazy\" decoding=\"async\" width=\"281\" height=\"93\" src=\"http:\/\/burgosrepresentacions.com\/wp-content\/uploads\/sites\/2\/2019\/05\/foto_geka2.gif\" alt=\"\" class=\"wp-image-38\"\/><\/figure>\n","protected":false},"excerpt":{"rendered":"<p>Como representantes de las cizallas punzonadoras GEKA, les ofrecemos punzones y matrices originales. En nuestro almac\u00e9n disponemos de un importante stock de los punzones m\u00e1s normalizados, redondos, cuadrados, colisos, rectangulares\u2026 para los diferentes modelos de Cizallas punzonadoras GEKA. Tambi\u00e9n se fabrican punzones y matrices especiales, que podemos presupuestar si nos facilitan medidas, planos o croquis. [&hellip;]<\/p>\n","protected":false},"author":1,"featured_media":0,"parent":0,"menu_order":0,"comment_status":"closed","ping_status":"closed","template":"","meta":{"_acf_changed":false,"_genesis_hide_title":false,"_genesis_hide_breadcrumbs":false,"_genesis_hide_singular_image":false,"_genesis_hide_footer_widgets":false,"_genesis_custom_body_class":"","_genesis_custom_post_class":"","_genesis_layout":"","footnotes":""},"class_list":{"0":"post-34","1":"page","2":"type-page","3":"status-publish","5":"entry","6":"has-post-thumbnail"},"acf":[],"yoast_head":"<!-- This site is optimized with the Yoast SEO plugin v27.4 - https:\/\/yoast.com\/product\/yoast-seo-wordpress\/ -->\n<title>Punzones y matrices - Burgos Representaciones<\/title>\n<meta name=\"robots\" content=\"index, follow, max-snippet:-1, max-image-preview:large, max-video-preview:-1\" \/>\n<link rel=\"canonical\" href=\"https:\/\/burgosrepresentacions.com\/es\/punzones-i-matrices\/\" \/>\n<meta property=\"og:locale\" content=\"es_ES\" \/>\n<meta property=\"og:type\" content=\"article\" \/>\n<meta property=\"og:title\" content=\"Punzones y matrices - Burgos Representaciones\" \/>\n<meta property=\"og:description\" content=\"Como representantes de las cizallas punzonadoras GEKA, les ofrecemos punzones y matrices originales. En nuestro almac\u00e9n disponemos de un importante stock de los punzones m\u00e1s normalizados, redondos, cuadrados, colisos, rectangulares\u2026 para los diferentes modelos de Cizallas punzonadoras GEKA. Tambi\u00e9n se fabrican punzones y matrices especiales, que podemos presupuestar si nos facilitan medidas, planos o croquis. [&hellip;]\" \/>\n<meta property=\"og:url\" content=\"https:\/\/burgosrepresentacions.com\/es\/punzones-i-matrices\/\" \/>\n<meta property=\"og:site_name\" content=\"Burgos Representaciones\" \/>\n<meta property=\"article:modified_time\" content=\"2019-09-23T16:59:46+00:00\" \/>\n<meta property=\"og:image\" content=\"http:\/\/burgosrepresentacions.com\/wp-content\/uploads\/sites\/2\/2019\/05\/geka-logo.jpg\" \/>\n<meta name=\"twitter:card\" content=\"summary_large_image\" \/>\n<script type=\"application\/ld+json\" class=\"yoast-schema-graph\">{\"@context\":\"https:\\\/\\\/schema.org\",\"@graph\":[{\"@type\":\"WebPage\",\"@id\":\"https:\\\/\\\/burgosrepresentacions.com\\\/es\\\/punzones-i-matrices\\\/\",\"url\":\"https:\\\/\\\/burgosrepresentacions.com\\\/es\\\/punzones-i-matrices\\\/\",\"name\":\"Punzones y matrices - Burgos Representaciones\",\"isPartOf\":{\"@id\":\"https:\\\/\\\/burgosrepresentacions.com\\\/es\\\/#website\"},\"primaryImageOfPage\":{\"@id\":\"https:\\\/\\\/burgosrepresentacions.com\\\/es\\\/punzones-i-matrices\\\/#primaryimage\"},\"image\":{\"@id\":\"https:\\\/\\\/burgosrepresentacions.com\\\/es\\\/punzones-i-matrices\\\/#primaryimage\"},\"thumbnailUrl\":\"http:\\\/\\\/burgosrepresentacions.com\\\/wp-content\\\/uploads\\\/sites\\\/2\\\/2019\\\/05\\\/geka-logo.jpg\",\"datePublished\":\"2019-05-20T13:41:28+00:00\",\"dateModified\":\"2019-09-23T16:59:46+00:00\",\"breadcrumb\":{\"@id\":\"https:\\\/\\\/burgosrepresentacions.com\\\/es\\\/punzones-i-matrices\\\/#breadcrumb\"},\"inLanguage\":\"es\",\"potentialAction\":[{\"@type\":\"ReadAction\",\"target\":[\"https:\\\/\\\/burgosrepresentacions.com\\\/es\\\/punzones-i-matrices\\\/\"]}]},{\"@type\":\"ImageObject\",\"inLanguage\":\"es\",\"@id\":\"https:\\\/\\\/burgosrepresentacions.com\\\/es\\\/punzones-i-matrices\\\/#primaryimage\",\"url\":\"http:\\\/\\\/burgosrepresentacions.com\\\/wp-content\\\/uploads\\\/sites\\\/2\\\/2019\\\/05\\\/geka-logo.jpg\",\"contentUrl\":\"http:\\\/\\\/burgosrepresentacions.com\\\/wp-content\\\/uploads\\\/sites\\\/2\\\/2019\\\/05\\\/geka-logo.jpg\"},{\"@type\":\"BreadcrumbList\",\"@id\":\"https:\\\/\\\/burgosrepresentacions.com\\\/es\\\/punzones-i-matrices\\\/#breadcrumb\",\"itemListElement\":[{\"@type\":\"ListItem\",\"position\":1,\"name\":\"Portada\",\"item\":\"https:\\\/\\\/burgosrepresentacions.com\\\/es\\\/\"},{\"@type\":\"ListItem\",\"position\":2,\"name\":\"Punzones y matrices\"}]},{\"@type\":\"WebSite\",\"@id\":\"https:\\\/\\\/burgosrepresentacions.com\\\/es\\\/#website\",\"url\":\"https:\\\/\\\/burgosrepresentacions.com\\\/es\\\/\",\"name\":\"Burgos Representaciones\",\"description\":\"Maquinaria industrial y accesorios\",\"publisher\":{\"@id\":\"https:\\\/\\\/burgosrepresentacions.com\\\/es\\\/#organization\"},\"potentialAction\":[{\"@type\":\"SearchAction\",\"target\":{\"@type\":\"EntryPoint\",\"urlTemplate\":\"https:\\\/\\\/burgosrepresentacions.com\\\/es\\\/?s={search_term_string}\"},\"query-input\":{\"@type\":\"PropertyValueSpecification\",\"valueRequired\":true,\"valueName\":\"search_term_string\"}}],\"inLanguage\":\"es\"},{\"@type\":\"Organization\",\"@id\":\"https:\\\/\\\/burgosrepresentacions.com\\\/es\\\/#organization\",\"name\":\"Burgos Representaciones\",\"url\":\"https:\\\/\\\/burgosrepresentacions.com\\\/es\\\/\",\"logo\":{\"@type\":\"ImageObject\",\"inLanguage\":\"es\",\"@id\":\"https:\\\/\\\/burgosrepresentacions.com\\\/es\\\/#\\\/schema\\\/logo\\\/image\\\/\",\"url\":\"https:\\\/\\\/burgosrepresentacions.com\\\/es\\\/wp-content\\\/uploads\\\/sites\\\/2\\\/2019\\\/05\\\/logo-BurgosRepresentacions-recortado.png\",\"contentUrl\":\"https:\\\/\\\/burgosrepresentacions.com\\\/es\\\/wp-content\\\/uploads\\\/sites\\\/2\\\/2019\\\/05\\\/logo-BurgosRepresentacions-recortado.png\",\"width\":285,\"height\":79,\"caption\":\"Burgos Representaciones\"},\"image\":{\"@id\":\"https:\\\/\\\/burgosrepresentacions.com\\\/es\\\/#\\\/schema\\\/logo\\\/image\\\/\"}}]}<\/script>\n<!-- \/ Yoast SEO plugin. -->","yoast_head_json":{"title":"Punzones y matrices - Burgos Representaciones","robots":{"index":"index","follow":"follow","max-snippet":"max-snippet:-1","max-image-preview":"max-image-preview:large","max-video-preview":"max-video-preview:-1"},"canonical":"https:\/\/burgosrepresentacions.com\/es\/punzones-i-matrices\/","og_locale":"es_ES","og_type":"article","og_title":"Punzones y matrices - Burgos Representaciones","og_description":"Como representantes de las cizallas punzonadoras GEKA, les ofrecemos punzones y matrices originales. En nuestro almac\u00e9n disponemos de un importante stock de los punzones m\u00e1s normalizados, redondos, cuadrados, colisos, rectangulares\u2026 para los diferentes modelos de Cizallas punzonadoras GEKA. Tambi\u00e9n se fabrican punzones y matrices especiales, que podemos presupuestar si nos facilitan medidas, planos o croquis. [&hellip;]","og_url":"https:\/\/burgosrepresentacions.com\/es\/punzones-i-matrices\/","og_site_name":"Burgos Representaciones","article_modified_time":"2019-09-23T16:59:46+00:00","og_image":[{"url":"http:\/\/burgosrepresentacions.com\/wp-content\/uploads\/sites\/2\/2019\/05\/geka-logo.jpg","type":"","width":"","height":""}],"twitter_card":"summary_large_image","schema":{"@context":"https:\/\/schema.org","@graph":[{"@type":"WebPage","@id":"https:\/\/burgosrepresentacions.com\/es\/punzones-i-matrices\/","url":"https:\/\/burgosrepresentacions.com\/es\/punzones-i-matrices\/","name":"Punzones y matrices - Burgos Representaciones","isPartOf":{"@id":"https:\/\/burgosrepresentacions.com\/es\/#website"},"primaryImageOfPage":{"@id":"https:\/\/burgosrepresentacions.com\/es\/punzones-i-matrices\/#primaryimage"},"image":{"@id":"https:\/\/burgosrepresentacions.com\/es\/punzones-i-matrices\/#primaryimage"},"thumbnailUrl":"http:\/\/burgosrepresentacions.com\/wp-content\/uploads\/sites\/2\/2019\/05\/geka-logo.jpg","datePublished":"2019-05-20T13:41:28+00:00","dateModified":"2019-09-23T16:59:46+00:00","breadcrumb":{"@id":"https:\/\/burgosrepresentacions.com\/es\/punzones-i-matrices\/#breadcrumb"},"inLanguage":"es","potentialAction":[{"@type":"ReadAction","target":["https:\/\/burgosrepresentacions.com\/es\/punzones-i-matrices\/"]}]},{"@type":"ImageObject","inLanguage":"es","@id":"https:\/\/burgosrepresentacions.com\/es\/punzones-i-matrices\/#primaryimage","url":"http:\/\/burgosrepresentacions.com\/wp-content\/uploads\/sites\/2\/2019\/05\/geka-logo.jpg","contentUrl":"http:\/\/burgosrepresentacions.com\/wp-content\/uploads\/sites\/2\/2019\/05\/geka-logo.jpg"},{"@type":"BreadcrumbList","@id":"https:\/\/burgosrepresentacions.com\/es\/punzones-i-matrices\/#breadcrumb","itemListElement":[{"@type":"ListItem","position":1,"name":"Portada","item":"https:\/\/burgosrepresentacions.com\/es\/"},{"@type":"ListItem","position":2,"name":"Punzones y matrices"}]},{"@type":"WebSite","@id":"https:\/\/burgosrepresentacions.com\/es\/#website","url":"https:\/\/burgosrepresentacions.com\/es\/","name":"Burgos Representaciones","description":"Maquinaria industrial y accesorios","publisher":{"@id":"https:\/\/burgosrepresentacions.com\/es\/#organization"},"potentialAction":[{"@type":"SearchAction","target":{"@type":"EntryPoint","urlTemplate":"https:\/\/burgosrepresentacions.com\/es\/?s={search_term_string}"},"query-input":{"@type":"PropertyValueSpecification","valueRequired":true,"valueName":"search_term_string"}}],"inLanguage":"es"},{"@type":"Organization","@id":"https:\/\/burgosrepresentacions.com\/es\/#organization","name":"Burgos Representaciones","url":"https:\/\/burgosrepresentacions.com\/es\/","logo":{"@type":"ImageObject","inLanguage":"es","@id":"https:\/\/burgosrepresentacions.com\/es\/#\/schema\/logo\/image\/","url":"https:\/\/burgosrepresentacions.com\/es\/wp-content\/uploads\/sites\/2\/2019\/05\/logo-BurgosRepresentacions-recortado.png","contentUrl":"https:\/\/burgosrepresentacions.com\/es\/wp-content\/uploads\/sites\/2\/2019\/05\/logo-BurgosRepresentacions-recortado.png","width":285,"height":79,"caption":"Burgos Representaciones"},"image":{"@id":"https:\/\/burgosrepresentacions.com\/es\/#\/schema\/logo\/image\/"}}]}},"featured_image_src":null,"featured_image_src_square":null,"_links":{"self":[{"href":"https:\/\/burgosrepresentacions.com\/es\/wp-json\/wp\/v2\/pages\/34","targetHints":{"allow":["GET"]}}],"collection":[{"href":"https:\/\/burgosrepresentacions.com\/es\/wp-json\/wp\/v2\/pages"}],"about":[{"href":"https:\/\/burgosrepresentacions.com\/es\/wp-json\/wp\/v2\/types\/page"}],"author":[{"embeddable":true,"href":"https:\/\/burgosrepresentacions.com\/es\/wp-json\/wp\/v2\/users\/1"}],"replies":[{"embeddable":true,"href":"https:\/\/burgosrepresentacions.com\/es\/wp-json\/wp\/v2\/comments?post=34"}],"version-history":[{"count":4,"href":"https:\/\/burgosrepresentacions.com\/es\/wp-json\/wp\/v2\/pages\/34\/revisions"}],"predecessor-version":[{"id":309,"href":"https:\/\/burgosrepresentacions.com\/es\/wp-json\/wp\/v2\/pages\/34\/revisions\/309"}],"wp:attachment":[{"href":"https:\/\/burgosrepresentacions.com\/es\/wp-json\/wp\/v2\/media?parent=34"}],"curies":[{"name":"wp","href":"https:\/\/api.w.org\/{rel}","templated":true}]}}