{"id":40,"date":"2019-05-20T15:44:33","date_gmt":"2019-05-20T13:44:33","guid":{"rendered":"http:\/\/burgosrepresentacions.com\/?page_id=40"},"modified":"2019-09-23T19:00:25","modified_gmt":"2019-09-23T17:00:25","slug":"sistema-de-centrado","status":"publish","type":"page","link":"https:\/\/burgosrepresentacions.com\/es\/punzones-i-matrices\/sistema-de-centrado\/","title":{"rendered":"Sistema de Centrado"},"content":{"rendered":"\n<div class=\"wp-block-image\"><figure class=\"alignright is-resized\"><img loading=\"lazy\" decoding=\"async\" src=\"http:\/\/burgosrepresentacions.com\/wp-content\/uploads\/sites\/2\/2019\/05\/geka-logo.jpg\" alt=\"Geka logo\" class=\"wp-image-36\" width=\"189\" height=\"72\" srcset=\"https:\/\/burgosrepresentacions.com\/es\/wp-content\/uploads\/sites\/2\/2019\/05\/geka-logo.jpg 600w, https:\/\/burgosrepresentacions.com\/es\/wp-content\/uploads\/sites\/2\/2019\/05\/geka-logo-300x115.jpg 300w\" sizes=\"auto, (max-width: 189px) 100vw, 189px\" \/><\/figure><\/div>\n\n\n\n<p>Antes de comenzar el trabajo, debe comprobarse la alineaci\u00f3n del punz\u00f3n con su matriz, haci\u00e9ndolo descender lentamente con movimientos intermitentes del pedal y asegur\u00e1ndose de que est\u00e1 perfectamente alineado y centrado en el interior de la matriz.<\/p>\n\n\n\n<figure class=\"wp-block-image\"><img loading=\"lazy\" decoding=\"async\" width=\"552\" height=\"245\" src=\"http:\/\/burgosrepresentacions.com\/wp-content\/uploads\/sites\/2\/2019\/05\/foto_punz01.gif\" alt=\"\" class=\"wp-image-41\"\/><\/figure>\n","protected":false},"excerpt":{"rendered":"<p>Antes de comenzar el trabajo, debe comprobarse la alineaci\u00f3n del punz\u00f3n con su matriz, haci\u00e9ndolo descender lentamente con movimientos intermitentes del pedal y asegur\u00e1ndose de que est\u00e1 perfectamente alineado y centrado en el interior de la matriz.<\/p>\n","protected":false},"author":1,"featured_media":0,"parent":34,"menu_order":0,"comment_status":"closed","ping_status":"closed","template":"","meta":{"_acf_changed":false,"_genesis_hide_title":false,"_genesis_hide_breadcrumbs":false,"_genesis_hide_singular_image":false,"_genesis_hide_footer_widgets":false,"_genesis_custom_body_class":"","_genesis_custom_post_class":"","_genesis_layout":"","footnotes":""},"class_list":{"0":"post-40","1":"page","2":"type-page","3":"status-publish","5":"entry","6":"has-post-thumbnail"},"acf":[],"yoast_head":"<!-- This site is optimized with the Yoast SEO plugin v27.4 - https:\/\/yoast.com\/product\/yoast-seo-wordpress\/ -->\n<title>Sistema de Centrado - Burgos Representaciones<\/title>\n<meta name=\"robots\" content=\"index, follow, max-snippet:-1, max-image-preview:large, max-video-preview:-1\" \/>\n<link rel=\"canonical\" href=\"https:\/\/burgosrepresentacions.com\/es\/punzones-i-matrices\/sistema-de-centrado\/\" \/>\n<meta property=\"og:locale\" content=\"es_ES\" \/>\n<meta property=\"og:type\" content=\"article\" \/>\n<meta property=\"og:title\" content=\"Sistema de Centrado - Burgos Representaciones\" \/>\n<meta property=\"og:description\" content=\"Antes de comenzar el trabajo, debe comprobarse la alineaci\u00f3n del punz\u00f3n con su matriz, haci\u00e9ndolo descender lentamente con movimientos intermitentes del pedal y asegur\u00e1ndose de que est\u00e1 perfectamente alineado y centrado en el interior de la matriz.\" \/>\n<meta property=\"og:url\" content=\"https:\/\/burgosrepresentacions.com\/es\/punzones-i-matrices\/sistema-de-centrado\/\" \/>\n<meta property=\"og:site_name\" content=\"Burgos Representaciones\" \/>\n<meta property=\"article:modified_time\" content=\"2019-09-23T17:00:25+00:00\" \/>\n<meta property=\"og:image\" content=\"http:\/\/burgosrepresentacions.com\/wp-content\/uploads\/sites\/2\/2019\/05\/geka-logo.jpg\" \/>\n<meta name=\"twitter:card\" content=\"summary_large_image\" \/>\n<script type=\"application\/ld+json\" class=\"yoast-schema-graph\">{\"@context\":\"https:\\\/\\\/schema.org\",\"@graph\":[{\"@type\":\"WebPage\",\"@id\":\"https:\\\/\\\/burgosrepresentacions.com\\\/es\\\/punzones-i-matrices\\\/sistema-de-centrado\\\/\",\"url\":\"https:\\\/\\\/burgosrepresentacions.com\\\/es\\\/punzones-i-matrices\\\/sistema-de-centrado\\\/\",\"name\":\"Sistema de Centrado - Burgos Representaciones\",\"isPartOf\":{\"@id\":\"https:\\\/\\\/burgosrepresentacions.com\\\/es\\\/#website\"},\"primaryImageOfPage\":{\"@id\":\"https:\\\/\\\/burgosrepresentacions.com\\\/es\\\/punzones-i-matrices\\\/sistema-de-centrado\\\/#primaryimage\"},\"image\":{\"@id\":\"https:\\\/\\\/burgosrepresentacions.com\\\/es\\\/punzones-i-matrices\\\/sistema-de-centrado\\\/#primaryimage\"},\"thumbnailUrl\":\"http:\\\/\\\/burgosrepresentacions.com\\\/wp-content\\\/uploads\\\/sites\\\/2\\\/2019\\\/05\\\/geka-logo.jpg\",\"datePublished\":\"2019-05-20T13:44:33+00:00\",\"dateModified\":\"2019-09-23T17:00:25+00:00\",\"breadcrumb\":{\"@id\":\"https:\\\/\\\/burgosrepresentacions.com\\\/es\\\/punzones-i-matrices\\\/sistema-de-centrado\\\/#breadcrumb\"},\"inLanguage\":\"es\",\"potentialAction\":[{\"@type\":\"ReadAction\",\"target\":[\"https:\\\/\\\/burgosrepresentacions.com\\\/es\\\/punzones-i-matrices\\\/sistema-de-centrado\\\/\"]}]},{\"@type\":\"ImageObject\",\"inLanguage\":\"es\",\"@id\":\"https:\\\/\\\/burgosrepresentacions.com\\\/es\\\/punzones-i-matrices\\\/sistema-de-centrado\\\/#primaryimage\",\"url\":\"http:\\\/\\\/burgosrepresentacions.com\\\/wp-content\\\/uploads\\\/sites\\\/2\\\/2019\\\/05\\\/geka-logo.jpg\",\"contentUrl\":\"http:\\\/\\\/burgosrepresentacions.com\\\/wp-content\\\/uploads\\\/sites\\\/2\\\/2019\\\/05\\\/geka-logo.jpg\"},{\"@type\":\"BreadcrumbList\",\"@id\":\"https:\\\/\\\/burgosrepresentacions.com\\\/es\\\/punzones-i-matrices\\\/sistema-de-centrado\\\/#breadcrumb\",\"itemListElement\":[{\"@type\":\"ListItem\",\"position\":1,\"name\":\"Portada\",\"item\":\"https:\\\/\\\/burgosrepresentacions.com\\\/es\\\/\"},{\"@type\":\"ListItem\",\"position\":2,\"name\":\"Punzones y matrices\",\"item\":\"https:\\\/\\\/burgosrepresentacions.com\\\/es\\\/punzones-i-matrices\\\/\"},{\"@type\":\"ListItem\",\"position\":3,\"name\":\"Sistema de Centrado\"}]},{\"@type\":\"WebSite\",\"@id\":\"https:\\\/\\\/burgosrepresentacions.com\\\/es\\\/#website\",\"url\":\"https:\\\/\\\/burgosrepresentacions.com\\\/es\\\/\",\"name\":\"Burgos Representaciones\",\"description\":\"Maquinaria industrial y accesorios\",\"publisher\":{\"@id\":\"https:\\\/\\\/burgosrepresentacions.com\\\/es\\\/#organization\"},\"potentialAction\":[{\"@type\":\"SearchAction\",\"target\":{\"@type\":\"EntryPoint\",\"urlTemplate\":\"https:\\\/\\\/burgosrepresentacions.com\\\/es\\\/?s={search_term_string}\"},\"query-input\":{\"@type\":\"PropertyValueSpecification\",\"valueRequired\":true,\"valueName\":\"search_term_string\"}}],\"inLanguage\":\"es\"},{\"@type\":\"Organization\",\"@id\":\"https:\\\/\\\/burgosrepresentacions.com\\\/es\\\/#organization\",\"name\":\"Burgos Representaciones\",\"url\":\"https:\\\/\\\/burgosrepresentacions.com\\\/es\\\/\",\"logo\":{\"@type\":\"ImageObject\",\"inLanguage\":\"es\",\"@id\":\"https:\\\/\\\/burgosrepresentacions.com\\\/es\\\/#\\\/schema\\\/logo\\\/image\\\/\",\"url\":\"https:\\\/\\\/burgosrepresentacions.com\\\/es\\\/wp-content\\\/uploads\\\/sites\\\/2\\\/2019\\\/05\\\/logo-BurgosRepresentacions-recortado.png\",\"contentUrl\":\"https:\\\/\\\/burgosrepresentacions.com\\\/es\\\/wp-content\\\/uploads\\\/sites\\\/2\\\/2019\\\/05\\\/logo-BurgosRepresentacions-recortado.png\",\"width\":285,\"height\":79,\"caption\":\"Burgos Representaciones\"},\"image\":{\"@id\":\"https:\\\/\\\/burgosrepresentacions.com\\\/es\\\/#\\\/schema\\\/logo\\\/image\\\/\"}}]}<\/script>\n<!-- \/ Yoast SEO plugin. -->","yoast_head_json":{"title":"Sistema de Centrado - Burgos Representaciones","robots":{"index":"index","follow":"follow","max-snippet":"max-snippet:-1","max-image-preview":"max-image-preview:large","max-video-preview":"max-video-preview:-1"},"canonical":"https:\/\/burgosrepresentacions.com\/es\/punzones-i-matrices\/sistema-de-centrado\/","og_locale":"es_ES","og_type":"article","og_title":"Sistema de Centrado - Burgos Representaciones","og_description":"Antes de comenzar el trabajo, debe comprobarse la alineaci\u00f3n del punz\u00f3n con su matriz, haci\u00e9ndolo descender lentamente con movimientos intermitentes del pedal y asegur\u00e1ndose de que est\u00e1 perfectamente alineado y centrado en el interior de la matriz.","og_url":"https:\/\/burgosrepresentacions.com\/es\/punzones-i-matrices\/sistema-de-centrado\/","og_site_name":"Burgos Representaciones","article_modified_time":"2019-09-23T17:00:25+00:00","og_image":[{"url":"http:\/\/burgosrepresentacions.com\/wp-content\/uploads\/sites\/2\/2019\/05\/geka-logo.jpg","type":"","width":"","height":""}],"twitter_card":"summary_large_image","schema":{"@context":"https:\/\/schema.org","@graph":[{"@type":"WebPage","@id":"https:\/\/burgosrepresentacions.com\/es\/punzones-i-matrices\/sistema-de-centrado\/","url":"https:\/\/burgosrepresentacions.com\/es\/punzones-i-matrices\/sistema-de-centrado\/","name":"Sistema de Centrado - Burgos Representaciones","isPartOf":{"@id":"https:\/\/burgosrepresentacions.com\/es\/#website"},"primaryImageOfPage":{"@id":"https:\/\/burgosrepresentacions.com\/es\/punzones-i-matrices\/sistema-de-centrado\/#primaryimage"},"image":{"@id":"https:\/\/burgosrepresentacions.com\/es\/punzones-i-matrices\/sistema-de-centrado\/#primaryimage"},"thumbnailUrl":"http:\/\/burgosrepresentacions.com\/wp-content\/uploads\/sites\/2\/2019\/05\/geka-logo.jpg","datePublished":"2019-05-20T13:44:33+00:00","dateModified":"2019-09-23T17:00:25+00:00","breadcrumb":{"@id":"https:\/\/burgosrepresentacions.com\/es\/punzones-i-matrices\/sistema-de-centrado\/#breadcrumb"},"inLanguage":"es","potentialAction":[{"@type":"ReadAction","target":["https:\/\/burgosrepresentacions.com\/es\/punzones-i-matrices\/sistema-de-centrado\/"]}]},{"@type":"ImageObject","inLanguage":"es","@id":"https:\/\/burgosrepresentacions.com\/es\/punzones-i-matrices\/sistema-de-centrado\/#primaryimage","url":"http:\/\/burgosrepresentacions.com\/wp-content\/uploads\/sites\/2\/2019\/05\/geka-logo.jpg","contentUrl":"http:\/\/burgosrepresentacions.com\/wp-content\/uploads\/sites\/2\/2019\/05\/geka-logo.jpg"},{"@type":"BreadcrumbList","@id":"https:\/\/burgosrepresentacions.com\/es\/punzones-i-matrices\/sistema-de-centrado\/#breadcrumb","itemListElement":[{"@type":"ListItem","position":1,"name":"Portada","item":"https:\/\/burgosrepresentacions.com\/es\/"},{"@type":"ListItem","position":2,"name":"Punzones y matrices","item":"https:\/\/burgosrepresentacions.com\/es\/punzones-i-matrices\/"},{"@type":"ListItem","position":3,"name":"Sistema de Centrado"}]},{"@type":"WebSite","@id":"https:\/\/burgosrepresentacions.com\/es\/#website","url":"https:\/\/burgosrepresentacions.com\/es\/","name":"Burgos Representaciones","description":"Maquinaria industrial y accesorios","publisher":{"@id":"https:\/\/burgosrepresentacions.com\/es\/#organization"},"potentialAction":[{"@type":"SearchAction","target":{"@type":"EntryPoint","urlTemplate":"https:\/\/burgosrepresentacions.com\/es\/?s={search_term_string}"},"query-input":{"@type":"PropertyValueSpecification","valueRequired":true,"valueName":"search_term_string"}}],"inLanguage":"es"},{"@type":"Organization","@id":"https:\/\/burgosrepresentacions.com\/es\/#organization","name":"Burgos Representaciones","url":"https:\/\/burgosrepresentacions.com\/es\/","logo":{"@type":"ImageObject","inLanguage":"es","@id":"https:\/\/burgosrepresentacions.com\/es\/#\/schema\/logo\/image\/","url":"https:\/\/burgosrepresentacions.com\/es\/wp-content\/uploads\/sites\/2\/2019\/05\/logo-BurgosRepresentacions-recortado.png","contentUrl":"https:\/\/burgosrepresentacions.com\/es\/wp-content\/uploads\/sites\/2\/2019\/05\/logo-BurgosRepresentacions-recortado.png","width":285,"height":79,"caption":"Burgos Representaciones"},"image":{"@id":"https:\/\/burgosrepresentacions.com\/es\/#\/schema\/logo\/image\/"}}]}},"featured_image_src":null,"featured_image_src_square":null,"_links":{"self":[{"href":"https:\/\/burgosrepresentacions.com\/es\/wp-json\/wp\/v2\/pages\/40","targetHints":{"allow":["GET"]}}],"collection":[{"href":"https:\/\/burgosrepresentacions.com\/es\/wp-json\/wp\/v2\/pages"}],"about":[{"href":"https:\/\/burgosrepresentacions.com\/es\/wp-json\/wp\/v2\/types\/page"}],"author":[{"embeddable":true,"href":"https:\/\/burgosrepresentacions.com\/es\/wp-json\/wp\/v2\/users\/1"}],"replies":[{"embeddable":true,"href":"https:\/\/burgosrepresentacions.com\/es\/wp-json\/wp\/v2\/comments?post=40"}],"version-history":[{"count":2,"href":"https:\/\/burgosrepresentacions.com\/es\/wp-json\/wp\/v2\/pages\/40\/revisions"}],"predecessor-version":[{"id":310,"href":"https:\/\/burgosrepresentacions.com\/es\/wp-json\/wp\/v2\/pages\/40\/revisions\/310"}],"up":[{"embeddable":true,"href":"https:\/\/burgosrepresentacions.com\/es\/wp-json\/wp\/v2\/pages\/34"}],"wp:attachment":[{"href":"https:\/\/burgosrepresentacions.com\/es\/wp-json\/wp\/v2\/media?parent=40"}],"curies":[{"name":"wp","href":"https:\/\/api.w.org\/{rel}","templated":true}]}}