{"id":56,"date":"2019-05-21T12:41:36","date_gmt":"2019-05-21T10:41:36","guid":{"rendered":"http:\/\/burgosrepresentacions.com\/?page_id=56"},"modified":"2019-09-23T15:28:42","modified_gmt":"2019-09-23T13:28:42","slug":"proteccio-i-seguretat","status":"publish","type":"page","link":"https:\/\/burgosrepresentacions.com\/es\/proteccio-i-seguretat\/","title":{"rendered":"Protecci\u00f3n y Seguridad"},"content":{"rendered":"\n<div style=\"height:60px\" aria-hidden=\"true\" class=\"wp-block-spacer\"><\/div>\n\n\n\n<h3 class=\"wp-block-heading\">Protecci\u00f3n para a tornos<\/h3>\n\n\n\n<ul class=\"wp-block-gallery columns-3 is-cropped galeriaProteccio wp-block-gallery-1 is-layout-flex wp-block-gallery-is-layout-flex\"><li class=\"blocks-gallery-item\"><figure><img loading=\"lazy\" decoding=\"async\" width=\"292\" height=\"196\" src=\"http:\/\/burgosrepresentacions.com\/wp-content\/uploads\/sites\/2\/2019\/05\/Proteccion-tornos-1.jpg\" alt=\"Proteccion para tornos\" data-id=\"66\" data-link=\"http:\/\/burgosrepresentacions.com\/?attachment_id=66\" class=\"wp-image-66\"\/><\/figure><\/li><li class=\"blocks-gallery-item\"><figure><img loading=\"lazy\" decoding=\"async\" width=\"500\" height=\"281\" src=\"http:\/\/burgosrepresentacions.com\/wp-content\/uploads\/sites\/2\/2019\/05\/Proteccion-tornos-2.jpg\" alt=\"Proteccion para tornos\" data-id=\"67\" data-link=\"http:\/\/burgosrepresentacions.com\/?attachment_id=67\" class=\"wp-image-67\" srcset=\"https:\/\/burgosrepresentacions.com\/es\/wp-content\/uploads\/sites\/2\/2019\/05\/Proteccion-tornos-2.jpg 500w, https:\/\/burgosrepresentacions.com\/es\/wp-content\/uploads\/sites\/2\/2019\/05\/Proteccion-tornos-2-300x169.jpg 300w\" sizes=\"auto, (max-width: 500px) 100vw, 500px\" \/><\/figure><\/li><li class=\"blocks-gallery-item\"><figure><img loading=\"lazy\" decoding=\"async\" width=\"448\" height=\"375\" src=\"http:\/\/burgosrepresentacions.com\/wp-content\/uploads\/sites\/2\/2019\/05\/Proteccion-tornos-3.jpg\" alt=\"Proteccion para tornos\" data-id=\"68\" data-link=\"http:\/\/burgosrepresentacions.com\/?attachment_id=68\" class=\"wp-image-68\" srcset=\"https:\/\/burgosrepresentacions.com\/es\/wp-content\/uploads\/sites\/2\/2019\/05\/Proteccion-tornos-3.jpg 448w, https:\/\/burgosrepresentacions.com\/es\/wp-content\/uploads\/sites\/2\/2019\/05\/Proteccion-tornos-3-300x251.jpg 300w\" sizes=\"auto, (max-width: 448px) 100vw, 448px\" \/><\/figure><\/li><\/ul>\n\n\n\n<div style=\"height:60px\" aria-hidden=\"true\" class=\"wp-block-spacer\"><\/div>\n\n\n\n<h3 class=\"wp-block-heading\">Protecci\u00f3n para fresadoras<\/h3>\n\n\n\n<ul class=\"wp-block-gallery columns-3 is-cropped galeriaProteccio wp-block-gallery-2 is-layout-flex wp-block-gallery-is-layout-flex\"><li class=\"blocks-gallery-item\"><figure><img loading=\"lazy\" decoding=\"async\" width=\"500\" height=\"283\" src=\"http:\/\/burgosrepresentacions.com\/wp-content\/uploads\/sites\/2\/2019\/05\/proteccion-fresadoras-1.jpg\" alt=\"Proteccion para fresadoras\" data-id=\"57\" data-link=\"http:\/\/burgosrepresentacions.com\/?attachment_id=57\" class=\"wp-image-57\" srcset=\"https:\/\/burgosrepresentacions.com\/es\/wp-content\/uploads\/sites\/2\/2019\/05\/proteccion-fresadoras-1.jpg 500w, https:\/\/burgosrepresentacions.com\/es\/wp-content\/uploads\/sites\/2\/2019\/05\/proteccion-fresadoras-1-300x170.jpg 300w\" sizes=\"auto, (max-width: 500px) 100vw, 500px\" \/><\/figure><\/li><li class=\"blocks-gallery-item\"><figure><img loading=\"lazy\" decoding=\"async\" width=\"500\" height=\"347\" src=\"http:\/\/burgosrepresentacions.com\/wp-content\/uploads\/sites\/2\/2019\/05\/proteccion-fresadoras-2.jpg\" alt=\"Proteccion para fresadoras\" data-id=\"58\" data-link=\"http:\/\/burgosrepresentacions.com\/?attachment_id=58\" class=\"wp-image-58\" srcset=\"https:\/\/burgosrepresentacions.com\/es\/wp-content\/uploads\/sites\/2\/2019\/05\/proteccion-fresadoras-2.jpg 500w, https:\/\/burgosrepresentacions.com\/es\/wp-content\/uploads\/sites\/2\/2019\/05\/proteccion-fresadoras-2-300x208.jpg 300w\" sizes=\"auto, (max-width: 500px) 100vw, 500px\" \/><\/figure><\/li><li class=\"blocks-gallery-item\"><figure><img loading=\"lazy\" decoding=\"async\" width=\"500\" height=\"360\" src=\"http:\/\/burgosrepresentacions.com\/wp-content\/uploads\/sites\/2\/2019\/05\/proteccion-fresadoras-3.jpg\" alt=\"Proteccion para fresadoras\" data-id=\"59\" data-link=\"http:\/\/burgosrepresentacions.com\/?attachment_id=59\" class=\"wp-image-59\" srcset=\"https:\/\/burgosrepresentacions.com\/es\/wp-content\/uploads\/sites\/2\/2019\/05\/proteccion-fresadoras-3.jpg 500w, https:\/\/burgosrepresentacions.com\/es\/wp-content\/uploads\/sites\/2\/2019\/05\/proteccion-fresadoras-3-300x216.jpg 300w\" sizes=\"auto, (max-width: 500px) 100vw, 500px\" \/><\/figure><\/li><\/ul>\n\n\n\n<div style=\"height:60px\" aria-hidden=\"true\" class=\"wp-block-spacer\"><\/div>\n\n\n\n<h3 class=\"wp-block-heading\">Protecciones para prensas<\/h3>\n\n\n\n<ul class=\"wp-block-gallery columns-3 is-cropped galeriaProteccio wp-block-gallery-3 is-layout-flex wp-block-gallery-is-layout-flex\"><li class=\"blocks-gallery-item\"><figure><img loading=\"lazy\" decoding=\"async\" width=\"472\" height=\"375\" src=\"http:\/\/burgosrepresentacions.com\/wp-content\/uploads\/sites\/2\/2019\/05\/proteccion-prensas.jpg\" alt=\"Protecci\u00f3n para prensas\" data-id=\"62\" data-link=\"http:\/\/burgosrepresentacions.com\/?attachment_id=62\" class=\"wp-image-62\" srcset=\"https:\/\/burgosrepresentacions.com\/es\/wp-content\/uploads\/sites\/2\/2019\/05\/proteccion-prensas.jpg 472w, https:\/\/burgosrepresentacions.com\/es\/wp-content\/uploads\/sites\/2\/2019\/05\/proteccion-prensas-300x238.jpg 300w\" sizes=\"auto, (max-width: 472px) 100vw, 472px\" \/><\/figure><\/li><li class=\"blocks-gallery-item\"><figure><img loading=\"lazy\" decoding=\"async\" width=\"333\" height=\"375\" src=\"http:\/\/burgosrepresentacions.com\/wp-content\/uploads\/sites\/2\/2019\/05\/proteccion-prensas-2.jpg\" alt=\"Protecci\u00f3n para prensas\" data-id=\"60\" data-link=\"http:\/\/burgosrepresentacions.com\/?attachment_id=60\" class=\"wp-image-60\" srcset=\"https:\/\/burgosrepresentacions.com\/es\/wp-content\/uploads\/sites\/2\/2019\/05\/proteccion-prensas-2.jpg 333w, https:\/\/burgosrepresentacions.com\/es\/wp-content\/uploads\/sites\/2\/2019\/05\/proteccion-prensas-2-266x300.jpg 266w\" sizes=\"auto, (max-width: 333px) 100vw, 333px\" \/><\/figure><\/li><li class=\"blocks-gallery-item\"><figure><img loading=\"lazy\" decoding=\"async\" width=\"416\" height=\"375\" src=\"http:\/\/burgosrepresentacions.com\/wp-content\/uploads\/sites\/2\/2019\/05\/proteccion-prensas-3.jpg\" alt=\"Protecci\u00f3n para prensas\" data-id=\"61\" data-link=\"http:\/\/burgosrepresentacions.com\/?attachment_id=61\" class=\"wp-image-61\" srcset=\"https:\/\/burgosrepresentacions.com\/es\/wp-content\/uploads\/sites\/2\/2019\/05\/proteccion-prensas-3.jpg 416w, https:\/\/burgosrepresentacions.com\/es\/wp-content\/uploads\/sites\/2\/2019\/05\/proteccion-prensas-3-300x270.jpg 300w\" sizes=\"auto, (max-width: 416px) 100vw, 416px\" \/><\/figure><\/li><\/ul>\n\n\n\n<div style=\"height:60px\" aria-hidden=\"true\" class=\"wp-block-spacer\"><\/div>\n\n\n\n<h3 class=\"wp-block-heading\">Protecci\u00f3n para taladros<\/h3>\n\n\n\n<ul class=\"wp-block-gallery columns-3 is-cropped galeriaProteccio wp-block-gallery-4 is-layout-flex wp-block-gallery-is-layout-flex\"><li class=\"blocks-gallery-item\"><figure><img loading=\"lazy\" decoding=\"async\" width=\"500\" height=\"331\" src=\"http:\/\/burgosrepresentacions.com\/wp-content\/uploads\/sites\/2\/2019\/05\/proteccion-taladros-3.jpg\" alt=\"Proteccion para taladros\" data-id=\"65\" data-link=\"http:\/\/burgosrepresentacions.com\/?attachment_id=65\" class=\"wp-image-65\" srcset=\"https:\/\/burgosrepresentacions.com\/es\/wp-content\/uploads\/sites\/2\/2019\/05\/proteccion-taladros-3.jpg 500w, https:\/\/burgosrepresentacions.com\/es\/wp-content\/uploads\/sites\/2\/2019\/05\/proteccion-taladros-3-300x199.jpg 300w\" sizes=\"auto, (max-width: 500px) 100vw, 500px\" \/><\/figure><\/li><li class=\"blocks-gallery-item\"><figure><img loading=\"lazy\" decoding=\"async\" width=\"370\" height=\"375\" src=\"http:\/\/burgosrepresentacions.com\/wp-content\/uploads\/sites\/2\/2019\/05\/proteccion-taladros-2.jpg\" alt=\"Proteccion para taladros\" data-id=\"64\" data-link=\"http:\/\/burgosrepresentacions.com\/?attachment_id=64\" class=\"wp-image-64\" srcset=\"https:\/\/burgosrepresentacions.com\/es\/wp-content\/uploads\/sites\/2\/2019\/05\/proteccion-taladros-2.jpg 370w, https:\/\/burgosrepresentacions.com\/es\/wp-content\/uploads\/sites\/2\/2019\/05\/proteccion-taladros-2-296x300.jpg 296w\" sizes=\"auto, (max-width: 370px) 100vw, 370px\" \/><\/figure><\/li><li class=\"blocks-gallery-item\"><figure><img loading=\"lazy\" decoding=\"async\" width=\"381\" height=\"375\" src=\"http:\/\/burgosrepresentacions.com\/wp-content\/uploads\/sites\/2\/2019\/05\/proteccion-taladros-1.jpg\" alt=\"Proteccion para taladros\" data-id=\"63\" data-link=\"http:\/\/burgosrepresentacions.com\/?attachment_id=63\" class=\"wp-image-63\" srcset=\"https:\/\/burgosrepresentacions.com\/es\/wp-content\/uploads\/sites\/2\/2019\/05\/proteccion-taladros-1.jpg 381w, https:\/\/burgosrepresentacions.com\/es\/wp-content\/uploads\/sites\/2\/2019\/05\/proteccion-taladros-1-300x295.jpg 300w\" sizes=\"auto, (max-width: 381px) 100vw, 381px\" \/><\/figure><\/li><\/ul>\n\n\n\n<div style=\"height:60px\" aria-hidden=\"true\" class=\"wp-block-spacer\"><\/div>\n\n\n\n<div class=\"wp-block-media-text alignwide destacado\"><figure class=\"wp-block-media-text__media\"><img loading=\"lazy\" decoding=\"async\" width=\"724\" height=\"1024\" src=\"http:\/\/burgosrepresentacions.com\/wp-content\/uploads\/sites\/2\/2019\/05\/Repar2catalogo-724x1024.jpg\" alt=\"Catalogo proteccion y seguridad\" class=\"wp-image-73\" srcset=\"https:\/\/burgosrepresentacions.com\/es\/wp-content\/uploads\/sites\/2\/2019\/05\/Repar2catalogo-724x1024.jpg 724w, https:\/\/burgosrepresentacions.com\/es\/wp-content\/uploads\/sites\/2\/2019\/05\/Repar2catalogo-212x300.jpg 212w, https:\/\/burgosrepresentacions.com\/es\/wp-content\/uploads\/sites\/2\/2019\/05\/Repar2catalogo-768x1086.jpg 768w, https:\/\/burgosrepresentacions.com\/es\/wp-content\/uploads\/sites\/2\/2019\/05\/Repar2catalogo.jpg 800w\" sizes=\"auto, (max-width: 724px) 100vw, 724px\" \/><\/figure><div class=\"wp-block-media-text__content\">\n<p class=\"has-medium-font-size\">Consulte m\u00e1s productos de protecci\u00f3n y seguridad en el cat\u00e1logo:<\/p>\n\n\n\n<div class=\"wp-block-button is-style-outline is-style-outline--5\"><a class=\"wp-block-button__link\" href=\"http:\/\/burgosrepresentacions.com\/download\/71\/\">Descargar cat\u00e1logo<\/a><\/div>\n<\/div><\/div>\n","protected":false},"excerpt":{"rendered":"<p>Protecci\u00f3n para a tornos Protecci\u00f3n para fresadoras Protecciones para prensas Protecci\u00f3n para taladros<\/p>\n","protected":false},"author":1,"featured_media":0,"parent":0,"menu_order":0,"comment_status":"closed","ping_status":"closed","template":"","meta":{"_acf_changed":false,"_genesis_hide_title":false,"_genesis_hide_breadcrumbs":false,"_genesis_hide_singular_image":false,"_genesis_hide_footer_widgets":false,"_genesis_custom_body_class":"","_genesis_custom_post_class":"","_genesis_layout":"","footnotes":""},"class_list":{"0":"post-56","1":"page","2":"type-page","3":"status-publish","5":"entry","6":"has-post-thumbnail"},"acf":[],"yoast_head":"<!-- This site is optimized with the Yoast SEO plugin v27.4 - https:\/\/yoast.com\/product\/yoast-seo-wordpress\/ -->\n<title>Protecci\u00f3n y Seguridad - Burgos Representaciones<\/title>\n<meta name=\"robots\" content=\"index, follow, max-snippet:-1, max-image-preview:large, max-video-preview:-1\" \/>\n<link rel=\"canonical\" href=\"https:\/\/burgosrepresentacions.com\/es\/proteccio-i-seguretat\/\" \/>\n<meta property=\"og:locale\" content=\"es_ES\" \/>\n<meta property=\"og:type\" content=\"article\" \/>\n<meta property=\"og:title\" content=\"Protecci\u00f3n y Seguridad - Burgos Representaciones\" \/>\n<meta property=\"og:description\" content=\"Protecci\u00f3n para a tornos Protecci\u00f3n para fresadoras Protecciones para prensas Protecci\u00f3n para taladros\" \/>\n<meta property=\"og:url\" content=\"https:\/\/burgosrepresentacions.com\/es\/proteccio-i-seguretat\/\" \/>\n<meta property=\"og:site_name\" content=\"Burgos Representaciones\" \/>\n<meta property=\"article:modified_time\" content=\"2019-09-23T13:28:42+00:00\" \/>\n<meta property=\"og:image\" content=\"http:\/\/burgosrepresentacions.com\/wp-content\/uploads\/sites\/2\/2019\/05\/Proteccion-tornos-1.jpg\" \/>\n<meta name=\"twitter:card\" content=\"summary_large_image\" \/>\n<script type=\"application\/ld+json\" class=\"yoast-schema-graph\">{\"@context\":\"https:\\\/\\\/schema.org\",\"@graph\":[{\"@type\":\"WebPage\",\"@id\":\"https:\\\/\\\/burgosrepresentacions.com\\\/es\\\/proteccio-i-seguretat\\\/\",\"url\":\"https:\\\/\\\/burgosrepresentacions.com\\\/es\\\/proteccio-i-seguretat\\\/\",\"name\":\"Protecci\u00f3n y Seguridad - Burgos Representaciones\",\"isPartOf\":{\"@id\":\"https:\\\/\\\/burgosrepresentacions.com\\\/es\\\/#website\"},\"primaryImageOfPage\":{\"@id\":\"https:\\\/\\\/burgosrepresentacions.com\\\/es\\\/proteccio-i-seguretat\\\/#primaryimage\"},\"image\":{\"@id\":\"https:\\\/\\\/burgosrepresentacions.com\\\/es\\\/proteccio-i-seguretat\\\/#primaryimage\"},\"thumbnailUrl\":\"http:\\\/\\\/burgosrepresentacions.com\\\/wp-content\\\/uploads\\\/sites\\\/2\\\/2019\\\/05\\\/Proteccion-tornos-1.jpg\",\"datePublished\":\"2019-05-21T10:41:36+00:00\",\"dateModified\":\"2019-09-23T13:28:42+00:00\",\"breadcrumb\":{\"@id\":\"https:\\\/\\\/burgosrepresentacions.com\\\/es\\\/proteccio-i-seguretat\\\/#breadcrumb\"},\"inLanguage\":\"es\",\"potentialAction\":[{\"@type\":\"ReadAction\",\"target\":[\"https:\\\/\\\/burgosrepresentacions.com\\\/es\\\/proteccio-i-seguretat\\\/\"]}]},{\"@type\":\"ImageObject\",\"inLanguage\":\"es\",\"@id\":\"https:\\\/\\\/burgosrepresentacions.com\\\/es\\\/proteccio-i-seguretat\\\/#primaryimage\",\"url\":\"http:\\\/\\\/burgosrepresentacions.com\\\/wp-content\\\/uploads\\\/sites\\\/2\\\/2019\\\/05\\\/Proteccion-tornos-1.jpg\",\"contentUrl\":\"http:\\\/\\\/burgosrepresentacions.com\\\/wp-content\\\/uploads\\\/sites\\\/2\\\/2019\\\/05\\\/Proteccion-tornos-1.jpg\"},{\"@type\":\"BreadcrumbList\",\"@id\":\"https:\\\/\\\/burgosrepresentacions.com\\\/es\\\/proteccio-i-seguretat\\\/#breadcrumb\",\"itemListElement\":[{\"@type\":\"ListItem\",\"position\":1,\"name\":\"Portada\",\"item\":\"https:\\\/\\\/burgosrepresentacions.com\\\/es\\\/\"},{\"@type\":\"ListItem\",\"position\":2,\"name\":\"Protecci\u00f3n y Seguridad\"}]},{\"@type\":\"WebSite\",\"@id\":\"https:\\\/\\\/burgosrepresentacions.com\\\/es\\\/#website\",\"url\":\"https:\\\/\\\/burgosrepresentacions.com\\\/es\\\/\",\"name\":\"Burgos Representaciones\",\"description\":\"Maquinaria industrial y accesorios\",\"publisher\":{\"@id\":\"https:\\\/\\\/burgosrepresentacions.com\\\/es\\\/#organization\"},\"potentialAction\":[{\"@type\":\"SearchAction\",\"target\":{\"@type\":\"EntryPoint\",\"urlTemplate\":\"https:\\\/\\\/burgosrepresentacions.com\\\/es\\\/?s={search_term_string}\"},\"query-input\":{\"@type\":\"PropertyValueSpecification\",\"valueRequired\":true,\"valueName\":\"search_term_string\"}}],\"inLanguage\":\"es\"},{\"@type\":\"Organization\",\"@id\":\"https:\\\/\\\/burgosrepresentacions.com\\\/es\\\/#organization\",\"name\":\"Burgos Representaciones\",\"url\":\"https:\\\/\\\/burgosrepresentacions.com\\\/es\\\/\",\"logo\":{\"@type\":\"ImageObject\",\"inLanguage\":\"es\",\"@id\":\"https:\\\/\\\/burgosrepresentacions.com\\\/es\\\/#\\\/schema\\\/logo\\\/image\\\/\",\"url\":\"https:\\\/\\\/burgosrepresentacions.com\\\/es\\\/wp-content\\\/uploads\\\/sites\\\/2\\\/2019\\\/05\\\/logo-BurgosRepresentacions-recortado.png\",\"contentUrl\":\"https:\\\/\\\/burgosrepresentacions.com\\\/es\\\/wp-content\\\/uploads\\\/sites\\\/2\\\/2019\\\/05\\\/logo-BurgosRepresentacions-recortado.png\",\"width\":285,\"height\":79,\"caption\":\"Burgos Representaciones\"},\"image\":{\"@id\":\"https:\\\/\\\/burgosrepresentacions.com\\\/es\\\/#\\\/schema\\\/logo\\\/image\\\/\"}}]}<\/script>\n<!-- \/ Yoast SEO plugin. -->","yoast_head_json":{"title":"Protecci\u00f3n y Seguridad - Burgos Representaciones","robots":{"index":"index","follow":"follow","max-snippet":"max-snippet:-1","max-image-preview":"max-image-preview:large","max-video-preview":"max-video-preview:-1"},"canonical":"https:\/\/burgosrepresentacions.com\/es\/proteccio-i-seguretat\/","og_locale":"es_ES","og_type":"article","og_title":"Protecci\u00f3n y Seguridad - Burgos Representaciones","og_description":"Protecci\u00f3n para a tornos Protecci\u00f3n para fresadoras Protecciones para prensas Protecci\u00f3n para taladros","og_url":"https:\/\/burgosrepresentacions.com\/es\/proteccio-i-seguretat\/","og_site_name":"Burgos Representaciones","article_modified_time":"2019-09-23T13:28:42+00:00","og_image":[{"url":"http:\/\/burgosrepresentacions.com\/wp-content\/uploads\/sites\/2\/2019\/05\/Proteccion-tornos-1.jpg","type":"","width":"","height":""}],"twitter_card":"summary_large_image","schema":{"@context":"https:\/\/schema.org","@graph":[{"@type":"WebPage","@id":"https:\/\/burgosrepresentacions.com\/es\/proteccio-i-seguretat\/","url":"https:\/\/burgosrepresentacions.com\/es\/proteccio-i-seguretat\/","name":"Protecci\u00f3n y Seguridad - Burgos Representaciones","isPartOf":{"@id":"https:\/\/burgosrepresentacions.com\/es\/#website"},"primaryImageOfPage":{"@id":"https:\/\/burgosrepresentacions.com\/es\/proteccio-i-seguretat\/#primaryimage"},"image":{"@id":"https:\/\/burgosrepresentacions.com\/es\/proteccio-i-seguretat\/#primaryimage"},"thumbnailUrl":"http:\/\/burgosrepresentacions.com\/wp-content\/uploads\/sites\/2\/2019\/05\/Proteccion-tornos-1.jpg","datePublished":"2019-05-21T10:41:36+00:00","dateModified":"2019-09-23T13:28:42+00:00","breadcrumb":{"@id":"https:\/\/burgosrepresentacions.com\/es\/proteccio-i-seguretat\/#breadcrumb"},"inLanguage":"es","potentialAction":[{"@type":"ReadAction","target":["https:\/\/burgosrepresentacions.com\/es\/proteccio-i-seguretat\/"]}]},{"@type":"ImageObject","inLanguage":"es","@id":"https:\/\/burgosrepresentacions.com\/es\/proteccio-i-seguretat\/#primaryimage","url":"http:\/\/burgosrepresentacions.com\/wp-content\/uploads\/sites\/2\/2019\/05\/Proteccion-tornos-1.jpg","contentUrl":"http:\/\/burgosrepresentacions.com\/wp-content\/uploads\/sites\/2\/2019\/05\/Proteccion-tornos-1.jpg"},{"@type":"BreadcrumbList","@id":"https:\/\/burgosrepresentacions.com\/es\/proteccio-i-seguretat\/#breadcrumb","itemListElement":[{"@type":"ListItem","position":1,"name":"Portada","item":"https:\/\/burgosrepresentacions.com\/es\/"},{"@type":"ListItem","position":2,"name":"Protecci\u00f3n y Seguridad"}]},{"@type":"WebSite","@id":"https:\/\/burgosrepresentacions.com\/es\/#website","url":"https:\/\/burgosrepresentacions.com\/es\/","name":"Burgos Representaciones","description":"Maquinaria industrial y accesorios","publisher":{"@id":"https:\/\/burgosrepresentacions.com\/es\/#organization"},"potentialAction":[{"@type":"SearchAction","target":{"@type":"EntryPoint","urlTemplate":"https:\/\/burgosrepresentacions.com\/es\/?s={search_term_string}"},"query-input":{"@type":"PropertyValueSpecification","valueRequired":true,"valueName":"search_term_string"}}],"inLanguage":"es"},{"@type":"Organization","@id":"https:\/\/burgosrepresentacions.com\/es\/#organization","name":"Burgos Representaciones","url":"https:\/\/burgosrepresentacions.com\/es\/","logo":{"@type":"ImageObject","inLanguage":"es","@id":"https:\/\/burgosrepresentacions.com\/es\/#\/schema\/logo\/image\/","url":"https:\/\/burgosrepresentacions.com\/es\/wp-content\/uploads\/sites\/2\/2019\/05\/logo-BurgosRepresentacions-recortado.png","contentUrl":"https:\/\/burgosrepresentacions.com\/es\/wp-content\/uploads\/sites\/2\/2019\/05\/logo-BurgosRepresentacions-recortado.png","width":285,"height":79,"caption":"Burgos Representaciones"},"image":{"@id":"https:\/\/burgosrepresentacions.com\/es\/#\/schema\/logo\/image\/"}}]}},"featured_image_src":null,"featured_image_src_square":null,"_links":{"self":[{"href":"https:\/\/burgosrepresentacions.com\/es\/wp-json\/wp\/v2\/pages\/56","targetHints":{"allow":["GET"]}}],"collection":[{"href":"https:\/\/burgosrepresentacions.com\/es\/wp-json\/wp\/v2\/pages"}],"about":[{"href":"https:\/\/burgosrepresentacions.com\/es\/wp-json\/wp\/v2\/types\/page"}],"author":[{"embeddable":true,"href":"https:\/\/burgosrepresentacions.com\/es\/wp-json\/wp\/v2\/users\/1"}],"replies":[{"embeddable":true,"href":"https:\/\/burgosrepresentacions.com\/es\/wp-json\/wp\/v2\/comments?post=56"}],"version-history":[{"count":5,"href":"https:\/\/burgosrepresentacions.com\/es\/wp-json\/wp\/v2\/pages\/56\/revisions"}],"predecessor-version":[{"id":302,"href":"https:\/\/burgosrepresentacions.com\/es\/wp-json\/wp\/v2\/pages\/56\/revisions\/302"}],"wp:attachment":[{"href":"https:\/\/burgosrepresentacions.com\/es\/wp-json\/wp\/v2\/media?parent=56"}],"curies":[{"name":"wp","href":"https:\/\/api.w.org\/{rel}","templated":true}]}}