{"id":95,"date":"2019-05-23T18:28:11","date_gmt":"2019-05-23T16:28:11","guid":{"rendered":"http:\/\/burgosrepresentacions.com\/?page_id=95"},"modified":"2019-09-23T19:05:09","modified_gmt":"2019-09-23T17:05:09","slug":"caracteristiques-punxonament","status":"publish","type":"page","link":"https:\/\/burgosrepresentacions.com\/es\/punzones-i-matrices\/caracteristiques-punxonament\/","title":{"rendered":"Caracter\u00edsticas Punzonado"},"content":{"rendered":"\n<div class=\"wp-block-image\"><figure class=\"alignright is-resized\"><img loading=\"lazy\" decoding=\"async\" src=\"http:\/\/burgosrepresentacions.com\/wp-content\/uploads\/sites\/2\/2019\/05\/geka-logo.jpg\" alt=\"Geka logo\" class=\"wp-image-36\" width=\"189\" height=\"72\" srcset=\"https:\/\/burgosrepresentacions.com\/es\/wp-content\/uploads\/sites\/2\/2019\/05\/geka-logo.jpg 600w, https:\/\/burgosrepresentacions.com\/es\/wp-content\/uploads\/sites\/2\/2019\/05\/geka-logo-300x115.jpg 300w\" sizes=\"auto, (max-width: 189px) 100vw, 189px\" \/><\/figure><\/div>\n\n\n\n<p>A continuaci\u00f3n les informamos sobre los puntos a tener en cuenta para trabajar correctamente y evitar una r\u00e1pida deformaci\u00f3n de los punzones:<\/p>\n\n\n\n<ul class=\"wp-block-list\"><li>Comprobar capacidades de punzonado de la m\u00e1quina y realizar el c\u00e1lculo del espesor m\u00e1ximo a punzonar en funci\u00f3n de las dimensiones de la figura a punzonar. No punzonar por encima de las posibilidades de la m\u00e1quina (adjuntamos tabla para el c\u00e1lculo de potencias de punzonado).<\/li><\/ul>\n\n\n\n<p>No punzonar un espesor superior al \u00d8 del punz\u00f3n (en material inox. el \u00d8 del punz\u00f3n ha de ser aproximadamente el doble del espesor del material).<\/p>\n\n\n\n<div class=\"wp-block-image\"><figure class=\"aligncenter is-resized\"><img loading=\"lazy\" decoding=\"async\" src=\"http:\/\/burgosrepresentacions.com\/wp-content\/uploads\/sites\/2\/2019\/05\/formula01.gif\" alt=\"\" class=\"wp-image-98\" width=\"485\" height=\"42\"\/><\/figure><\/div>\n\n\n\n<p>En el caso de tener que punzonar otro tipo de materiales, aplicar la siguiente f\u00f3rmula.<\/p>\n\n\n\n<ul class=\"wp-block-list\"><li>Holgura adecuada entre punz\u00f3n y matriz.<\/li><li>10 % del espesor del material en caso de chapa normal.<\/li><li>En el caso de que el material a punzonar tenga una resistencia superior a 45 kg., aplicar la siguiente formula.<\/li><\/ul>\n\n\n\n<div class=\"wp-block-image\"><figure class=\"aligncenter is-resized\"><img loading=\"lazy\" decoding=\"async\" src=\"http:\/\/burgosrepresentacions.com\/wp-content\/uploads\/sites\/2\/2019\/05\/formula02.gif\" alt=\"\" class=\"wp-image-99\" width=\"485\" height=\"42\"\/><\/figure><\/div>\n\n\n\n<ul class=\"wp-block-list\"><li>Regular el recorrido del bajada de manera que el punz\u00f3n cruce con la matriz en 1 \u00f3 2 mm.<\/li><li>No punzonar con punzones y matrices desafilados.<\/li><li>La frecuente lubricaci\u00f3n del punz\u00f3n disminuye la resistencia que ofrece el material al ser extra\u00eddo por el tope de punzonado, con lo cual se ejerce una menor presi\u00f3n al suplemento y un menor desgaste de los punzones.<\/li><li>El tope de punzonado se debe de alinear correctamente con respecto a la matriz, de manera que cuando el material sea levantado por el punz\u00f3n el tope act\u00fae sobre el material totalmente paralelo. En caso de que no se encuentre bien alineado podr\u00eda provocar una r\u00e1pida rotura del punz\u00f3n ya que el material realiza la funci\u00f3n de palanca y en pocos golpes podr\u00eda da\u00f1ar tanto al punz\u00f3n como a las demas piezas que componen la estaci\u00f3n de punzonado.<\/li><li>En caso de punzonar material inox. es recomendable que los punzones tengan una inclinaci\u00f3n en la zona de corte para reducir potencia y disminuir la vibraci\u00f3n y el ruido producidos en el momento del punzonado.<\/li><li>Correcto centrado entre punz\u00f3n y matriz<\/li><\/ul>\n","protected":false},"excerpt":{"rendered":"<p>A continuaci\u00f3n les informamos sobre los puntos a tener en cuenta para trabajar correctamente y evitar una r\u00e1pida deformaci\u00f3n de los punzones: Comprobar capacidades de punzonado de la m\u00e1quina y realizar el c\u00e1lculo del espesor m\u00e1ximo a punzonar en funci\u00f3n de las dimensiones de la figura a punzonar. No punzonar por encima de las posibilidades [&hellip;]<\/p>\n","protected":false},"author":1,"featured_media":0,"parent":34,"menu_order":0,"comment_status":"closed","ping_status":"closed","template":"","meta":{"_acf_changed":false,"_genesis_hide_title":false,"_genesis_hide_breadcrumbs":false,"_genesis_hide_singular_image":false,"_genesis_hide_footer_widgets":false,"_genesis_custom_body_class":"","_genesis_custom_post_class":"","_genesis_layout":"","footnotes":""},"class_list":{"0":"post-95","1":"page","2":"type-page","3":"status-publish","5":"entry","6":"has-post-thumbnail"},"acf":[],"yoast_head":"<!-- This site is optimized with the Yoast SEO plugin v27.4 - https:\/\/yoast.com\/product\/yoast-seo-wordpress\/ -->\n<title>Caracter\u00edsticas Punzonado - Burgos Representaciones<\/title>\n<meta name=\"robots\" content=\"index, follow, max-snippet:-1, max-image-preview:large, max-video-preview:-1\" \/>\n<link rel=\"canonical\" href=\"https:\/\/burgosrepresentacions.com\/es\/punzones-i-matrices\/caracteristiques-punxonament\/\" \/>\n<meta property=\"og:locale\" content=\"es_ES\" \/>\n<meta property=\"og:type\" content=\"article\" \/>\n<meta property=\"og:title\" content=\"Caracter\u00edsticas Punzonado - Burgos Representaciones\" \/>\n<meta property=\"og:description\" content=\"A continuaci\u00f3n les informamos sobre los puntos a tener en cuenta para trabajar correctamente y evitar una r\u00e1pida deformaci\u00f3n de los punzones: Comprobar capacidades de punzonado de la m\u00e1quina y realizar el c\u00e1lculo del espesor m\u00e1ximo a punzonar en funci\u00f3n de las dimensiones de la figura a punzonar. No punzonar por encima de las posibilidades [&hellip;]\" \/>\n<meta property=\"og:url\" content=\"https:\/\/burgosrepresentacions.com\/es\/punzones-i-matrices\/caracteristiques-punxonament\/\" \/>\n<meta property=\"og:site_name\" content=\"Burgos Representaciones\" \/>\n<meta property=\"article:modified_time\" content=\"2019-09-23T17:05:09+00:00\" \/>\n<meta property=\"og:image\" content=\"http:\/\/burgosrepresentacions.com\/wp-content\/uploads\/sites\/2\/2019\/05\/geka-logo.jpg\" \/>\n<meta name=\"twitter:card\" content=\"summary_large_image\" \/>\n<meta name=\"twitter:label1\" content=\"Tiempo de lectura\" \/>\n\t<meta name=\"twitter:data1\" content=\"2 minutos\" \/>\n<script type=\"application\/ld+json\" class=\"yoast-schema-graph\">{\"@context\":\"https:\\\/\\\/schema.org\",\"@graph\":[{\"@type\":\"WebPage\",\"@id\":\"https:\\\/\\\/burgosrepresentacions.com\\\/es\\\/punzones-i-matrices\\\/caracteristiques-punxonament\\\/\",\"url\":\"https:\\\/\\\/burgosrepresentacions.com\\\/es\\\/punzones-i-matrices\\\/caracteristiques-punxonament\\\/\",\"name\":\"Caracter\u00edsticas Punzonado - Burgos Representaciones\",\"isPartOf\":{\"@id\":\"https:\\\/\\\/burgosrepresentacions.com\\\/es\\\/#website\"},\"primaryImageOfPage\":{\"@id\":\"https:\\\/\\\/burgosrepresentacions.com\\\/es\\\/punzones-i-matrices\\\/caracteristiques-punxonament\\\/#primaryimage\"},\"image\":{\"@id\":\"https:\\\/\\\/burgosrepresentacions.com\\\/es\\\/punzones-i-matrices\\\/caracteristiques-punxonament\\\/#primaryimage\"},\"thumbnailUrl\":\"http:\\\/\\\/burgosrepresentacions.com\\\/wp-content\\\/uploads\\\/sites\\\/2\\\/2019\\\/05\\\/geka-logo.jpg\",\"datePublished\":\"2019-05-23T16:28:11+00:00\",\"dateModified\":\"2019-09-23T17:05:09+00:00\",\"breadcrumb\":{\"@id\":\"https:\\\/\\\/burgosrepresentacions.com\\\/es\\\/punzones-i-matrices\\\/caracteristiques-punxonament\\\/#breadcrumb\"},\"inLanguage\":\"es\",\"potentialAction\":[{\"@type\":\"ReadAction\",\"target\":[\"https:\\\/\\\/burgosrepresentacions.com\\\/es\\\/punzones-i-matrices\\\/caracteristiques-punxonament\\\/\"]}]},{\"@type\":\"ImageObject\",\"inLanguage\":\"es\",\"@id\":\"https:\\\/\\\/burgosrepresentacions.com\\\/es\\\/punzones-i-matrices\\\/caracteristiques-punxonament\\\/#primaryimage\",\"url\":\"http:\\\/\\\/burgosrepresentacions.com\\\/wp-content\\\/uploads\\\/sites\\\/2\\\/2019\\\/05\\\/geka-logo.jpg\",\"contentUrl\":\"http:\\\/\\\/burgosrepresentacions.com\\\/wp-content\\\/uploads\\\/sites\\\/2\\\/2019\\\/05\\\/geka-logo.jpg\"},{\"@type\":\"BreadcrumbList\",\"@id\":\"https:\\\/\\\/burgosrepresentacions.com\\\/es\\\/punzones-i-matrices\\\/caracteristiques-punxonament\\\/#breadcrumb\",\"itemListElement\":[{\"@type\":\"ListItem\",\"position\":1,\"name\":\"Portada\",\"item\":\"https:\\\/\\\/burgosrepresentacions.com\\\/es\\\/\"},{\"@type\":\"ListItem\",\"position\":2,\"name\":\"Punzones y matrices\",\"item\":\"https:\\\/\\\/burgosrepresentacions.com\\\/es\\\/punzones-i-matrices\\\/\"},{\"@type\":\"ListItem\",\"position\":3,\"name\":\"Caracter\u00edsticas Punzonado\"}]},{\"@type\":\"WebSite\",\"@id\":\"https:\\\/\\\/burgosrepresentacions.com\\\/es\\\/#website\",\"url\":\"https:\\\/\\\/burgosrepresentacions.com\\\/es\\\/\",\"name\":\"Burgos Representaciones\",\"description\":\"Maquinaria industrial y accesorios\",\"publisher\":{\"@id\":\"https:\\\/\\\/burgosrepresentacions.com\\\/es\\\/#organization\"},\"potentialAction\":[{\"@type\":\"SearchAction\",\"target\":{\"@type\":\"EntryPoint\",\"urlTemplate\":\"https:\\\/\\\/burgosrepresentacions.com\\\/es\\\/?s={search_term_string}\"},\"query-input\":{\"@type\":\"PropertyValueSpecification\",\"valueRequired\":true,\"valueName\":\"search_term_string\"}}],\"inLanguage\":\"es\"},{\"@type\":\"Organization\",\"@id\":\"https:\\\/\\\/burgosrepresentacions.com\\\/es\\\/#organization\",\"name\":\"Burgos Representaciones\",\"url\":\"https:\\\/\\\/burgosrepresentacions.com\\\/es\\\/\",\"logo\":{\"@type\":\"ImageObject\",\"inLanguage\":\"es\",\"@id\":\"https:\\\/\\\/burgosrepresentacions.com\\\/es\\\/#\\\/schema\\\/logo\\\/image\\\/\",\"url\":\"https:\\\/\\\/burgosrepresentacions.com\\\/es\\\/wp-content\\\/uploads\\\/sites\\\/2\\\/2019\\\/05\\\/logo-BurgosRepresentacions-recortado.png\",\"contentUrl\":\"https:\\\/\\\/burgosrepresentacions.com\\\/es\\\/wp-content\\\/uploads\\\/sites\\\/2\\\/2019\\\/05\\\/logo-BurgosRepresentacions-recortado.png\",\"width\":285,\"height\":79,\"caption\":\"Burgos Representaciones\"},\"image\":{\"@id\":\"https:\\\/\\\/burgosrepresentacions.com\\\/es\\\/#\\\/schema\\\/logo\\\/image\\\/\"}}]}<\/script>\n<!-- \/ Yoast SEO plugin. -->","yoast_head_json":{"title":"Caracter\u00edsticas Punzonado - Burgos Representaciones","robots":{"index":"index","follow":"follow","max-snippet":"max-snippet:-1","max-image-preview":"max-image-preview:large","max-video-preview":"max-video-preview:-1"},"canonical":"https:\/\/burgosrepresentacions.com\/es\/punzones-i-matrices\/caracteristiques-punxonament\/","og_locale":"es_ES","og_type":"article","og_title":"Caracter\u00edsticas Punzonado - Burgos Representaciones","og_description":"A continuaci\u00f3n les informamos sobre los puntos a tener en cuenta para trabajar correctamente y evitar una r\u00e1pida deformaci\u00f3n de los punzones: Comprobar capacidades de punzonado de la m\u00e1quina y realizar el c\u00e1lculo del espesor m\u00e1ximo a punzonar en funci\u00f3n de las dimensiones de la figura a punzonar. No punzonar por encima de las posibilidades [&hellip;]","og_url":"https:\/\/burgosrepresentacions.com\/es\/punzones-i-matrices\/caracteristiques-punxonament\/","og_site_name":"Burgos Representaciones","article_modified_time":"2019-09-23T17:05:09+00:00","og_image":[{"url":"http:\/\/burgosrepresentacions.com\/wp-content\/uploads\/sites\/2\/2019\/05\/geka-logo.jpg","type":"","width":"","height":""}],"twitter_card":"summary_large_image","twitter_misc":{"Tiempo de lectura":"2 minutos"},"schema":{"@context":"https:\/\/schema.org","@graph":[{"@type":"WebPage","@id":"https:\/\/burgosrepresentacions.com\/es\/punzones-i-matrices\/caracteristiques-punxonament\/","url":"https:\/\/burgosrepresentacions.com\/es\/punzones-i-matrices\/caracteristiques-punxonament\/","name":"Caracter\u00edsticas Punzonado - Burgos Representaciones","isPartOf":{"@id":"https:\/\/burgosrepresentacions.com\/es\/#website"},"primaryImageOfPage":{"@id":"https:\/\/burgosrepresentacions.com\/es\/punzones-i-matrices\/caracteristiques-punxonament\/#primaryimage"},"image":{"@id":"https:\/\/burgosrepresentacions.com\/es\/punzones-i-matrices\/caracteristiques-punxonament\/#primaryimage"},"thumbnailUrl":"http:\/\/burgosrepresentacions.com\/wp-content\/uploads\/sites\/2\/2019\/05\/geka-logo.jpg","datePublished":"2019-05-23T16:28:11+00:00","dateModified":"2019-09-23T17:05:09+00:00","breadcrumb":{"@id":"https:\/\/burgosrepresentacions.com\/es\/punzones-i-matrices\/caracteristiques-punxonament\/#breadcrumb"},"inLanguage":"es","potentialAction":[{"@type":"ReadAction","target":["https:\/\/burgosrepresentacions.com\/es\/punzones-i-matrices\/caracteristiques-punxonament\/"]}]},{"@type":"ImageObject","inLanguage":"es","@id":"https:\/\/burgosrepresentacions.com\/es\/punzones-i-matrices\/caracteristiques-punxonament\/#primaryimage","url":"http:\/\/burgosrepresentacions.com\/wp-content\/uploads\/sites\/2\/2019\/05\/geka-logo.jpg","contentUrl":"http:\/\/burgosrepresentacions.com\/wp-content\/uploads\/sites\/2\/2019\/05\/geka-logo.jpg"},{"@type":"BreadcrumbList","@id":"https:\/\/burgosrepresentacions.com\/es\/punzones-i-matrices\/caracteristiques-punxonament\/#breadcrumb","itemListElement":[{"@type":"ListItem","position":1,"name":"Portada","item":"https:\/\/burgosrepresentacions.com\/es\/"},{"@type":"ListItem","position":2,"name":"Punzones y matrices","item":"https:\/\/burgosrepresentacions.com\/es\/punzones-i-matrices\/"},{"@type":"ListItem","position":3,"name":"Caracter\u00edsticas Punzonado"}]},{"@type":"WebSite","@id":"https:\/\/burgosrepresentacions.com\/es\/#website","url":"https:\/\/burgosrepresentacions.com\/es\/","name":"Burgos Representaciones","description":"Maquinaria industrial y accesorios","publisher":{"@id":"https:\/\/burgosrepresentacions.com\/es\/#organization"},"potentialAction":[{"@type":"SearchAction","target":{"@type":"EntryPoint","urlTemplate":"https:\/\/burgosrepresentacions.com\/es\/?s={search_term_string}"},"query-input":{"@type":"PropertyValueSpecification","valueRequired":true,"valueName":"search_term_string"}}],"inLanguage":"es"},{"@type":"Organization","@id":"https:\/\/burgosrepresentacions.com\/es\/#organization","name":"Burgos Representaciones","url":"https:\/\/burgosrepresentacions.com\/es\/","logo":{"@type":"ImageObject","inLanguage":"es","@id":"https:\/\/burgosrepresentacions.com\/es\/#\/schema\/logo\/image\/","url":"https:\/\/burgosrepresentacions.com\/es\/wp-content\/uploads\/sites\/2\/2019\/05\/logo-BurgosRepresentacions-recortado.png","contentUrl":"https:\/\/burgosrepresentacions.com\/es\/wp-content\/uploads\/sites\/2\/2019\/05\/logo-BurgosRepresentacions-recortado.png","width":285,"height":79,"caption":"Burgos Representaciones"},"image":{"@id":"https:\/\/burgosrepresentacions.com\/es\/#\/schema\/logo\/image\/"}}]}},"featured_image_src":null,"featured_image_src_square":null,"_links":{"self":[{"href":"https:\/\/burgosrepresentacions.com\/es\/wp-json\/wp\/v2\/pages\/95","targetHints":{"allow":["GET"]}}],"collection":[{"href":"https:\/\/burgosrepresentacions.com\/es\/wp-json\/wp\/v2\/pages"}],"about":[{"href":"https:\/\/burgosrepresentacions.com\/es\/wp-json\/wp\/v2\/types\/page"}],"author":[{"embeddable":true,"href":"https:\/\/burgosrepresentacions.com\/es\/wp-json\/wp\/v2\/users\/1"}],"replies":[{"embeddable":true,"href":"https:\/\/burgosrepresentacions.com\/es\/wp-json\/wp\/v2\/comments?post=95"}],"version-history":[{"count":5,"href":"https:\/\/burgosrepresentacions.com\/es\/wp-json\/wp\/v2\/pages\/95\/revisions"}],"predecessor-version":[{"id":314,"href":"https:\/\/burgosrepresentacions.com\/es\/wp-json\/wp\/v2\/pages\/95\/revisions\/314"}],"up":[{"embeddable":true,"href":"https:\/\/burgosrepresentacions.com\/es\/wp-json\/wp\/v2\/pages\/34"}],"wp:attachment":[{"href":"https:\/\/burgosrepresentacions.com\/es\/wp-json\/wp\/v2\/media?parent=95"}],"curies":[{"name":"wp","href":"https:\/\/api.w.org\/{rel}","templated":true}]}}